{"id":7,"date":"2022-10-04T21:32:36","date_gmt":"2022-10-04T19:32:36","guid":{"rendered":"https:\/\/leenvit.pl\/?page_id=7"},"modified":"2024-11-07T22:38:10","modified_gmt":"2024-11-07T21:38:10","slug":"strona-glowna","status":"publish","type":"page","link":"https:\/\/www.animaleen.eu\/pl\/","title":{"rendered":"Strona g\u0142\u00f3wna"},"content":{"rendered":"<section id=\"\" class=\"hero acf-block acf-block-id-block_f6e36b3114e8e6adb71ee36d8ddeb0f8  acf-block--desktop-pt-80 acf-block--mobile-pt-30\">\n\n\t<div class=\"container\">\n\t\t<div class=\"hero__slider swiper\">\n\t\t\t<div class=\"swiper-wrapper\">\n\t\t\t\t\t\t\t\t\t<div class=\"swiper-slide\">\n\t\t\t\t\t\t<div class=\"row row-flex\">\n\t\t\t\t\t\t\t<div class=\"col-12 col-lg-5 offset-lg-1 order-1\">\n\t\t\t\t\t\t\t\t<div class=\"hero__wrapper\">\n\t\t\t\t\t\t\t\t\t<span class=\"subtitle\">Produkty AnimaLeen<\/span>\n\t\t\t\t\t\t\t\t\t<h1 class=\"title\">Suplement diety <br>dla ps\u00f3w<\/h1>\n\t\t\t\t\t\t\t\t\t<div class=\"txt\"><p>Omega 3+6+9 wyizolowana z ro\u015blin &#8211; aromat szynki!<\/p>\n<\/div>\n\t\t\t\t\t\t\t\t\t<a href=\"https:\/\/www.animaleen.eu\/pl\/produkty\/#psy\"\n\t\t\t\t\t\t\t\t\t   class=\"btn btn--xl btn--gold btn--arrow\">Wi\u0119cej o produkcie<\/a>\n\t\t\t\t\t\t\t\t<\/div>\n\t\t\t\t\t\t\t<\/div>\n\t\t\t\t\t\t\t<div class=\"col-12 col-lg-5 order-2\">\n\t\t\t\t\t\t\t\t<div class=\"hero__img\">\n\t\t\t\t\t\t\t\t\t<img decoding=\"async\" src=\"https:\/\/www.animaleen.eu\/app\/uploads\/2024\/10\/img-psy-400x409-c-default.webp\" alt=\"\"\n\t\t\t\t\t\t\t\t\t\t srcset=\"https:\/\/www.animaleen.eu\/app\/uploads\/2024\/10\/img-psy-400x409-c-default.webp 1x, https:\/\/www.animaleen.eu\/app\/uploads\/2024\/10\/img-psy-800x818-c-default.webp 2x\">\n\t\t\t\t\t\t\t\t<\/div>\n\t\t\t\t\t\t\t<\/div>\n\t\t\t\t\t\t<\/div>\n\t\t\t\t\t<\/div>\n\t\t\t\t\t\t\t\t\t<div class=\"swiper-slide\">\n\t\t\t\t\t\t<div class=\"row row-flex\">\n\t\t\t\t\t\t\t<div class=\"col-12 col-lg-5 offset-lg-1 order-1\">\n\t\t\t\t\t\t\t\t<div class=\"hero__wrapper\">\n\t\t\t\t\t\t\t\t\t<span class=\"subtitle\">Produkty Animaleen<\/span>\n\t\t\t\t\t\t\t\t\t<h2 class=\"title\">Suplement diety <br>dla kot\u00f3w<\/h2>\n\t\t\t\t\t\t\t\t\t<div class=\"txt\"><p>Omega 3+6+9 wyizolowana z ro\u015blin &#8211; aromat \u0142ososia!<\/p>\n<\/div>\n\t\t\t\t\t\t\t\t\t<a href=\"https:\/\/www.animaleen.eu\/pl\/produkty\/#koty\"\n\t\t\t\t\t\t\t\t\t   class=\"btn btn--xl btn--gold btn--arrow\">Wi\u0119cej o produkcie<\/a>\n\t\t\t\t\t\t\t\t<\/div>\n\t\t\t\t\t\t\t<\/div>\n\t\t\t\t\t\t\t<div class=\"col-12 col-lg-5 order-2\">\n\t\t\t\t\t\t\t\t<div class=\"hero__img\">\n\t\t\t\t\t\t\t\t\t<img decoding=\"async\" src=\"https:\/\/www.animaleen.eu\/app\/uploads\/2024\/10\/img-koty-400x409-c-default.webp\" alt=\"\"\n\t\t\t\t\t\t\t\t\t\t srcset=\"https:\/\/www.animaleen.eu\/app\/uploads\/2024\/10\/img-koty-400x409-c-default.webp 1x, https:\/\/www.animaleen.eu\/app\/uploads\/2024\/10\/img-koty-800x818-c-default.webp 2x\">\n\t\t\t\t\t\t\t\t<\/div>\n\t\t\t\t\t\t\t<\/div>\n\t\t\t\t\t\t<\/div>\n\t\t\t\t\t<\/div>\n\t\t\t\t\t\t\t\t\t<div class=\"swiper-slide\">\n\t\t\t\t\t\t<div class=\"row row-flex\">\n\t\t\t\t\t\t\t<div class=\"col-12 col-lg-5 offset-lg-1 order-1\">\n\t\t\t\t\t\t\t\t<div class=\"hero__wrapper\">\n\t\t\t\t\t\t\t\t\t<span class=\"subtitle\">Produkty Animaleen<\/span>\n\t\t\t\t\t\t\t\t\t<h2 class=\"title\">Spray do kopyt. <br>Omega 3+6+9.<\/h2>\n\t\t\t\t\t\t\t\t\t<div class=\"txt\"><p>Od\u017cywia, uelastycznia i wzmacnia puszk\u0119 kopytow\u0105.<\/p>\n<\/div>\n\t\t\t\t\t\t\t\t\t<a href=\"https:\/\/www.animaleen.eu\/pl\/produkty\/#konie\"\n\t\t\t\t\t\t\t\t\t   class=\"btn btn--xl btn--gold btn--arrow\">Wi\u0119cej o produkcie<\/a>\n\t\t\t\t\t\t\t\t<\/div>\n\t\t\t\t\t\t\t<\/div>\n\t\t\t\t\t\t\t<div class=\"col-12 col-lg-5 order-2\">\n\t\t\t\t\t\t\t\t<div class=\"hero__img\">\n\t\t\t\t\t\t\t\t\t<img decoding=\"async\" src=\"https:\/\/www.animaleen.eu\/app\/uploads\/2024\/10\/img-konie-400x409-c-default.webp\" alt=\"\"\n\t\t\t\t\t\t\t\t\t\t srcset=\"https:\/\/www.animaleen.eu\/app\/uploads\/2024\/10\/img-konie-400x409-c-default.webp 1x, https:\/\/www.animaleen.eu\/app\/uploads\/2024\/10\/img-konie-800x818-c-default.webp 2x\">\n\t\t\t\t\t\t\t\t<\/div>\n\t\t\t\t\t\t\t<\/div>\n\t\t\t\t\t\t<\/div>\n\t\t\t\t\t<\/div>\n\t\t\t\t\t\t\t<\/div>\n\t\t\t<button class=\"arrow-left btn-slider btn-slider--prev\"><\/button>\n\t\t\t<button class=\"arrow-right btn-slider btn-slider--next\"><\/button>\n\t\t\t<div class=\"swiper-pagination\"><\/div>\n\t\t<\/div>\n\t\t<a href=\"#produkty\" class=\"btn-scroll btn-scroll--down\"><\/a>\n\t<\/div>\n\n<\/section><section id=\"produkty\" class=\"product-lines acf-block acf-block-id-block_a49ce0ed62e7a9addad2d6856ed19e9c  acf-block--desktop-pt-60 acf-block--mobile-pt-60\">\n\n\t<div class=\"container\">\n\t\t<div class=\"row\">\n\t\t\t<div class=\"col-12\">\n\t\t\t\t<h2 class=\"title title--28 title--center\">Poznaj nasze linie produkt\u00f3w<\/h2>\n\t\t\t<\/div>\n\t\t<\/div>\n\t\t<div class=\"row row-flex\">\n\t\t\t\t\t\t\t<div class=\"col-12 col-lg-6 col-child\">\n\t\t\t\t\t<div class=\"product-lines__element\" data-href=\"https:\/\/www.animaleen.eu\/pl\/produkty\/#konie\">\n\t\t\t\t\t\t<div class=\"product-lines__img\">\n\t\t\t\t\t\t\t<img decoding=\"async\" src=\"https:\/\/www.animaleen.eu\/app\/uploads\/2023\/12\/horses-168x162-c-default.webp\" alt=\"\"\n\t\t\t\t\t\t\t\t srcset=\"https:\/\/www.animaleen.eu\/app\/uploads\/2023\/12\/horses-168x162-c-default.webp 1x, https:\/\/www.animaleen.eu\/app\/uploads\/2023\/12\/horses-336x324-c-default.webp 2x\">\n\t\t\t\t\t\t<\/div>\n\t\t\t\t\t\t<div class=\"product-lines__wrapper\">\n\t\t\t\t\t\t\t<h3 class=\"product-lines__title\">AnimaLeen <span>dla koni<\/span><\/h3>\n\t\t\t\t\t\t\t<p class=\"product-lines__txt\">Wysokie st\u0119\u017cenie najbardziej deficytowego we wsp\u00f3\u0142czesnej diecie kwasu t\u0142uszczowego Omega 3 ALA<\/p>\n\t\t\t\t\t\t\t<a href=\"https:\/\/www.animaleen.eu\/pl\/produkty\/#konie\"\n\t\t\t\t\t\t\t   class=\"btn-animated\"><span>Czytaj wi\u0119cej<\/span><\/a>\n\t\t\t\t\t\t<\/div>\n\t\t\t\t\t<\/div>\n\t\t\t\t<\/div>\n\t\t\t\t\t\t\t<div class=\"col-12 col-lg-6 col-child\">\n\t\t\t\t\t<div class=\"product-lines__element\" data-href=\"https:\/\/www.animaleen.eu\/pl\/produkty\/#koty\">\n\t\t\t\t\t\t<div class=\"product-lines__img\">\n\t\t\t\t\t\t\t<img decoding=\"async\" src=\"https:\/\/www.animaleen.eu\/app\/uploads\/2024\/10\/img-koty-168x162-c-default.webp\" alt=\"\"\n\t\t\t\t\t\t\t\t srcset=\"https:\/\/www.animaleen.eu\/app\/uploads\/2024\/10\/img-koty-168x162-c-default.webp 1x, https:\/\/www.animaleen.eu\/app\/uploads\/2024\/10\/img-koty-336x324-c-default.webp 2x\">\n\t\t\t\t\t\t<\/div>\n\t\t\t\t\t\t<div class=\"product-lines__wrapper\">\n\t\t\t\t\t\t\t<h3 class=\"product-lines__title\">AnimaLeen <span>dla kot\u00f3w<\/span><\/h3>\n\t\t\t\t\t\t\t<p class=\"product-lines__txt\">Wysokie st\u0119\u017cenie najbardziej deficytowego we wsp\u00f3\u0142czesnej diecie kwasu t\u0142uszczowego Omega 3 ALA<\/p>\n\t\t\t\t\t\t\t<a href=\"https:\/\/www.animaleen.eu\/pl\/produkty\/#koty\"\n\t\t\t\t\t\t\t   class=\"btn-animated\"><span>Czytaj wi\u0119cej<\/span><\/a>\n\t\t\t\t\t\t<\/div>\n\t\t\t\t\t<\/div>\n\t\t\t\t<\/div>\n\t\t\t\t\t\t\t<div class=\"col-12 col-lg-6 col-child\">\n\t\t\t\t\t<div class=\"product-lines__element\" data-href=\"https:\/\/www.animaleen.eu\/pl\/produkty\/#psy\">\n\t\t\t\t\t\t<div class=\"product-lines__img\">\n\t\t\t\t\t\t\t<img decoding=\"async\" src=\"https:\/\/www.animaleen.eu\/app\/uploads\/2023\/12\/dogs-168x162-c-default.webp\" alt=\"\"\n\t\t\t\t\t\t\t\t srcset=\"https:\/\/www.animaleen.eu\/app\/uploads\/2023\/12\/dogs-168x162-c-default.webp 1x, https:\/\/www.animaleen.eu\/app\/uploads\/2023\/12\/dogs-336x324-c-default.webp 2x\">\n\t\t\t\t\t\t<\/div>\n\t\t\t\t\t\t<div class=\"product-lines__wrapper\">\n\t\t\t\t\t\t\t<h3 class=\"product-lines__title\">AnimaLeen <span>dla ps\u00f3w<\/span><\/h3>\n\t\t\t\t\t\t\t<p class=\"product-lines__txt\">Wysokie st\u0119\u017cenie najbardziej deficytowego we wsp\u00f3\u0142czesnej diecie kwasu t\u0142uszczowego Omega 3 ALA<\/p>\n\t\t\t\t\t\t\t<a href=\"https:\/\/www.animaleen.eu\/pl\/produkty\/#psy\"\n\t\t\t\t\t\t\t   class=\"btn-animated\"><span>Czytaj wi\u0119cej<\/span><\/a>\n\t\t\t\t\t\t<\/div>\n\t\t\t\t\t<\/div>\n\t\t\t\t<\/div>\n\t\t\t\t\t<\/div>\n\t<\/div>\n\n<\/section><section id=\"\"\n\t\t class=\"about-us  acf-block acf-block-id-block_cad6889b0d968de6c2dc81a46795807d  acf-block--desktop-pt-110 acf-block--desktop-pb-110 acf-block--mobile-pt-60 acf-block--mobile-pb-80 \">\n\n\n\t\n\t\t<div class=\"container\">\n\t\t\t\t\t\t<div class=\"row row-flex\">\n\t\t\t\t\t\t\t\t\t\t\t\t\t\t\t<div class=\"about-us__element\">\n\t\t\t\t\t\t\t<div class=\"col-12 col-lg-6 mobile-order-1\">\n\t\t\t\t\t\t\t\t<div class=\"about-us__wrapper\">\n\t\t\t\t\t\t\t\t\t\t\t\t\t\t\t\t\t\t\t<span class=\"subtitle\">Omega 3+6+9<\/span>\n\t\t\t\t\t\t\t\t\t\t\t\t\t\t\t\t\t\t<h2 class=\"title title--28\"> Omega 3 ALA oraz Omega 6 LA nale\u017c\u0105 do Niezb\u0119dnych Nienasyconych Kwas\u00f3w T\u0142uszczowych<\/h2>\n\t\t\t\t\t\t\t\t\t<div class=\"txt\"><p>Niezb\u0119dnych, poniewa\u017c <strong>nasz organizm nie jest w stanie ich samodzielnie wytwarza\u0107.<\/strong> Dlatego musz\u0105 by\u0107 dostarczane z zewn\u0105trz, np. wraz z po\u017cywieniem.<\/p>\n<p><strong>Leenvit\u00ae to unikalny i naturalny produkt powsta\u0142y na bazie oleju ro\u015blinnego (olej lniany)<\/strong>. Jest koncentratem wyizolowanych kwas\u00f3w Omega 3+6+9. Nasze produkty wyr\u00f3\u017cniaj\u0105 si\u0119 wysok\u0105 wch\u0142anialno\u015bci\u0105 przez organizm, a co najwa\u017cniejsze, pomagaj\u0105 przywr\u00f3ci\u0107 z\u0142ot\u0105 proporcj\u0119 kwas\u00f3w Omega 3 do Omega 6.<\/p>\n<\/div>\n\t\t\t\t\t\t\t\t\t\t\t\t\t\t\t\t\t\t\t<a href=\"https:\/\/www.animaleen.eu\/pl\/produkty\/\"\n\t\t\t\t\t\t\t\t\t\t   class=\"btn btn--xl btn--gold btn--arrow\">Przegl\u0105daj produkty<\/a>\n\t\t\t\t\t\t\t\t\t\t\t\t\t\t\t\t\t<\/div>\n\t\t\t\t\t\t\t<\/div>\n\n\t\t\t\t\t\t\t<div\n\t\t\t\t\t\t\t\tclass=\" col-12 col-lg-5 offset-lg-1 mobile-order-2 \">\n\t\t\t\t\t\t\t\t<div class=\"about-us__img\">\n\t\t\t\t\t\t\t\t\t<img decoding=\"async\" src=\"https:\/\/www.animaleen.eu\/app\/uploads\/2023\/12\/horse-pic.webp\" alt=\"\"\n\t\t\t\t\t\t\t\t\t\t srcset=\"https:\/\/www.animaleen.eu\/app\/uploads\/2023\/12\/horse-pic.webp 1x, https:\/\/www.animaleen.eu\/app\/uploads\/2023\/12\/horse-pic.webp 2x\">\n\t\t\t\t\t\t\t\t<\/div>\n\t\t\t\t\t\t\t<\/div>\n\t\t\t\t\t\t<\/div>\n\t\t\t\t\t\n\t\t\t\t\t\n\t\t\t\t\t\t\t\t\t\n\t\t\t\t\t\t\t\t\t\t\t<div class=\"about-us__element\">\n\t\t\t\t\t\t\t<div\n\t\t\t\t\t\t\t\tclass=\" col-12 col-lg-5 order-1 health-mobile-order-2 \">\n\t\t\t\t\t\t\t\t<div class=\"about-us__img\">\n\t\t\t\t\t\t\t\t\t<img decoding=\"async\" src=\"https:\/\/www.animaleen.eu\/app\/uploads\/2022\/10\/about-1.webp\" alt=\"\"\n\t\t\t\t\t\t\t\t\t\t srcset=\"https:\/\/www.animaleen.eu\/app\/uploads\/2022\/10\/about-1.webp 1x, https:\/\/www.animaleen.eu\/app\/uploads\/2022\/10\/about-1.webp 2x\">\n\t\t\t\t\t\t\t\t<\/div>\n\t\t\t\t\t\t\t<\/div>\n\n\t\t\t\t\t\t\t<div\n\t\t\t\t\t\t\t\tclass=\" col-12 col-lg-6 offset-lg-1 order-2 health-mobile-order-1 \">\n\t\t\t\t\t\t\t\t<div class=\"about-us__wrapper\">\n\t\t\t\t\t\t\t\t\t\t\t\t\t\t\t\t\t\t\t<span class=\"subtitle\">Proces produkcyjny<\/span>\n\t\t\t\t\t\t\t\t\t\t\t\t\t\t\t\t\t\t<h1><h2 class=\"title title--28\">Najwy\u017csze standardy produkcji<\/h2><\/h1>\n\t\t\t\t\t\t\t\t\t<div class=\"txt\"><p><strong>Proces produkcyjny suplement\u00f3w diety linii Leenvit\u00ae odbywa si\u0119 w zak\u0142adach spe\u0142niaj\u0105cych najwy\u017csze standardy GMP\/HACCP przewidziane dla produkcji spo\u017cywczej.<\/strong><\/p>\n<p>Unikalny, opatentowany proces produkcji Leenvit\u00ae umo\u017cliwia wyizolowanie czystych kwas\u00f3w Omega 3+6+9 z ro\u015blin. <strong>W jego wyniku powsta\u0142a najczystsza, naturalna forma kwas\u00f3w Omega 3+6+9<\/strong> w postaci monoestr\u00f3w o zwi\u0119kszonej biodost\u0119pno\u015bci i bioretencji, bez jakichkolwiek dodatk\u00f3w, czy konserwant\u00f3w. Usuni\u0119to to co kaloryczne \u2013 glicerol oraz wszelkie szkodliwe substancje. S<strong>pos\u00f3b otrzymywania Leenvit\u00ae jest technologi\u0105 ca\u0142kowicie innowacyjn\u0105, pozwalaj\u0105c\u0105 zachowa\u0107 biologiczne w\u0142a\u015bciwo\u015bci substancji aktywnych<\/strong> \u2013 wielonienasyconych, niezb\u0119dnych dla cz\u0142owieka kwas\u00f3w t\u0142uszczowych, tj. kwas\u00f3w alfa-linolenowego (Omega 3, ALA) i linolowego (Omega 6, LA) przy udziale jednonienasyconego kwasu oleinowego (Omega 9, GA).<\/p>\n<\/div>\n\t\t\t\t\t\t\t\t\t\t\t\t\t\t\t\t\t\t\t<a href=\"https:\/\/www.animaleen.eu\/pl\/produkty\/\"\n\t\t\t\t\t\t\t\t\t\t   class=\"btn btn--xl btn--gold btn--arrow\">Przegl\u0105daj produkty<\/a>\n\t\t\t\t\t\t\t\t\t\t\t\t\t\t\t\t\t<\/div>\n\t\t\t\t\t\t\t<\/div>\n\t\t\t\t\t\t<\/div>\n\t\t\t\t\t\n\t\t\t\t\t\t\t<\/div>\n\t\t<\/div>\n\n\t\n\n<\/section><section id=\"\" class=\"opinions acf-block acf-block-id-block_4750fa9789c690c30a6c65c5819bb21d  acf-block--desktop-pt-120 acf-block--desktop-pb-130 acf-block--mobile-pt-80 acf-block--mobile-pb-80\">\n\n\t<div class=\"container\">\n\t\t<div class=\"row\">\n\t\t\t<div class=\"col-12\">\n\t\t\t\t<span class=\"subtitle\">Nasi klienci<\/span>\n\t\t\t\t<h2 class=\"title title--28\">Co m\u00f3wi\u0105 klienci o naszych produktach<\/h2>\n\t\t\t<\/div>\n\t\t<\/div>\n\t\t<div class=\"row\">\n\t\t\t<div class=\"col-12 col-lg-6 offset-lg-3\">\n\t\t\t\t<div class=\"opinions__slider swiper\">\n\t\t\t\t\t<div class=\"swiper-wrapper\">\n\t\t\t\t\t\t\t\t\t\t\t\t\t<div class=\"opinions__element swiper-slide\">\n\t\t\t\t\t\t\t\t<div class=\"opinions__txt\"><p>Jako w\u0142a\u015bciciel psa, kt\u00f3ry zawsze by\u0142 niejadkiem, jestem zachwycony efektami stosowania Animaleen Omega 3, 6, 9 w sprayu. Od kiedy zacz\u0105\u0142em stosowa\u0107 ten produkt regularnie (u\u017cywam ju\u017c 2 miesi\u0105ce), zauwa\u017cy\u0142em znacz\u0105c\u0105 popraw\u0119 w apetycie mojego psa \u2013 teraz ch\u0119tniej je swoj\u0105 karm\u0119. Co wi\u0119cej, sier\u015b\u0107 mojego psa<br \/>\nsta\u0142a si\u0119 wyj\u0105tkowo l\u015bni\u0105ca. Planuj\u0119 na sta\u0142e wprowadzi\u0107 Animaleen do diety mojego psa.<\/p>\n<\/div>\n\t\t\t\t\t\t\t\t<span class=\"opinions__name\">Rafa\u0142 B.<\/span>\n\t\t\t\t\t\t\t<\/div>\n\t\t\t\t\t\t\t\t\t\t\t\t\t<div class=\"opinions__element swiper-slide\">\n\t\t\t\t\t\t\t\t<div class=\"opinions__txt\"><p>Po trzech miesi\u0105cach podawania mojej kotce suplementu Animaleen Omega 3, 6, 9 zauwa\u017cy\u0142am wyra\u017an\u0105 r\u00f3\u017cnic\u0119. Jej sier\u015b\u0107, kt\u00f3ra wcze\u015bniej by\u0142a do\u015b\u0107 matowa z powodu cz\u0119stego biegania na zewn\u0105trz, teraz jest zdrowa i l\u015bni\u0105ca. Dodatkowo, wydaje si\u0119, \u017ce kotka bardzo polubi\u0142a smak \u0142ososia w tym suplemencie. W zwi\u0105zku<br \/>\nz tym na pewno kupi\u0119 kolejne opakowanie. Polecam.<\/p>\n<\/div>\n\t\t\t\t\t\t\t\t<span class=\"opinions__name\">Joanna K.<\/span>\n\t\t\t\t\t\t\t<\/div>\n\t\t\t\t\t\t\t\t\t\t\t\t\t<div class=\"opinions__element swiper-slide\">\n\t\t\t\t\t\t\t\t<div class=\"opinions__txt\"><p>W imieniu Fundacji Z MI\u0141O\u015aCI DO ZWIERZ\u0104T pragniemy podzi\u0119kowa\u0107 za wsp\u00f3\u0142prac\u0119 i wybranie naszej fundacji do programu pr\u00f3b preparatu Animaleen jako suplementu diety koni ze specjalnymi potrzebami zywieniowymi. Dzi\u0119ki regularnej wsp\u00f3\u0142pracy trwaj\u0105cej ju\u017c drugi rok mo\u017cemy zadba\u0107 o dobrostan naszych koni oraz obserwowa\u0107 popraw\u0119 stanu sier\u015bci, kopyt oraz og\u00f3lnej kondycji zwierz\u0105t szczeg\u00f3lnie starszych oraz \u017arebnych klaczy.<\/p>\n<\/div>\n\t\t\t\t\t\t\t\t<span class=\"opinions__name\">Fundacja Z mi\u0142o\u015bci do zwierz\u0105t<\/span>\n\t\t\t\t\t\t\t<\/div>\n\t\t\t\t\t\t\t\t\t\t\t\t\t<div class=\"opinions__element swiper-slide\">\n\t\t\t\t\t\t\t\t<div class=\"opinions__txt\"><p>Jako hodowca byd\u0142a, staram si\u0119 dba\u0107 o zdrowie moich zwierz\u0105t dlatego zdecydowa\u0142em si\u0119 na zakup Animaleen. Po dodaniu Animaleen do diety moich ciel\u0105t zauwa\u017cy\u0142em znacz\u0105c\u0105 popraw\u0119 w ich wzro\u015bcie i og\u00f3lnym stanie zdrowia. Te wyniki przekona\u0142y mnie, \u017ce kontynuowanie stosowania produkt\u00f3w Animaleen w moim gospodarstwie jest w\u0142a\u015bciwym wyborem.<\/p>\n<\/div>\n\t\t\t\t\t\t\t\t<span class=\"opinions__name\">Marek S.<\/span>\n\t\t\t\t\t\t\t<\/div>\n\t\t\t\t\t\t\t\t\t\t\t\t\t<div class=\"opinions__element swiper-slide\">\n\t\t\t\t\t\t\t\t<div class=\"opinions__txt\"><p>Po zastosowaniu suplement\u00f3w Animaleen Omega 3, 6, 9 w moim gospodarstwie, na bazie w\u0142asnych obserwacji, mog\u0119 stwierdzi\u0107, \u017ce znacz\u0105co przyczyni\u0142y si\u0119 one do poprawy zdrowia i kondycji mojego byd\u0142a. Zauwa\u017cy\u0142em zmniejszenie przypadk\u00f3w biegunek i og\u00f3ln\u0105 popraw\u0119 samopoczucia zwierz\u0105t. Wyniki te s\u0105 dla mnie wystarczaj\u0105cym powodem, aby kontynuowa\u0107 stosowanie produkt\u00f3w Animaleen jako sta\u0142ego elementu diety w moim gospodarstwie.<\/p>\n<\/div>\n\t\t\t\t\t\t\t\t<span class=\"opinions__name\">Oskar R.<\/span>\n\t\t\t\t\t\t\t<\/div>\n\t\t\t\t\t\t\t\t\t\t\t<\/div>\n\t\t\t\t\t<button class=\"opinions-prev arrow-left btn-slider btn-slider--prev\"><\/button>\n\t\t\t\t\t<button class=\"opinions-next arrow-right btn-slider btn-slider--next\"><\/button>\n\t\t\t\t<\/div>\n\t\t\t<\/div>\n\t\t<\/div>\n\t<\/div>\n\n<\/section>","protected":false},"excerpt":{"rendered":"","protected":false},"author":1,"featured_media":0,"parent":0,"menu_order":0,"comment_status":"closed","ping_status":"closed","template":"","meta":{"_acf_changed":false,"footnotes":""},"class_list":["post-7","page","type-page","status-publish","hentry"],"acf":[],"_links":{"self":[{"href":"https:\/\/www.animaleen.eu\/pl\/wp-json\/wp\/v2\/pages\/7"}],"collection":[{"href":"https:\/\/www.animaleen.eu\/pl\/wp-json\/wp\/v2\/pages"}],"about":[{"href":"https:\/\/www.animaleen.eu\/pl\/wp-json\/wp\/v2\/types\/page"}],"author":[{"embeddable":true,"href":"https:\/\/www.animaleen.eu\/pl\/wp-json\/wp\/v2\/users\/1"}],"replies":[{"embeddable":true,"href":"https:\/\/www.animaleen.eu\/pl\/wp-json\/wp\/v2\/comments?post=7"}],"version-history":[{"count":3,"href":"https:\/\/www.animaleen.eu\/pl\/wp-json\/wp\/v2\/pages\/7\/revisions"}],"predecessor-version":[{"id":1710,"href":"https:\/\/www.animaleen.eu\/pl\/wp-json\/wp\/v2\/pages\/7\/revisions\/1710"}],"wp:attachment":[{"href":"https:\/\/www.animaleen.eu\/pl\/wp-json\/wp\/v2\/media?parent=7"}],"curies":[{"name":"wp","href":"https:\/\/api.w.org\/{rel}","templated":true}]}}