{"id":62,"date":"2022-10-10T09:56:02","date_gmt":"2022-10-10T07:56:02","guid":{"rendered":"https:\/\/leenvit.pl\/?page_id=62"},"modified":"2024-11-11T21:59:46","modified_gmt":"2024-11-11T20:59:46","slug":"produkty","status":"publish","type":"page","link":"https:\/\/www.animaleen.eu\/pl\/produkty\/","title":{"rendered":"Psy \/ Koty \/ Konie"},"content":{"rendered":"<section id=\"\" class=\"spices acf-block acf-block-id-block_97efd76813eee6d0b477b03f6d446fbd  acf-block--desktop-pt-80 acf-block--mobile-pt-80\">\n\n\t<div class=\"container\">\n\t\t<div class=\"row\">\n\t\t\t<div class=\"col-12 col-lg-4 col-xl-3\">\n\t\t\t\t<nav class=\"menu-products\">\n\t<ul class=\"menu-products__list\">\n\t\t\t\t\t\t\t\t\t<li data-wrapper class=\"menu-products__item\">\n\t\t\t\t\t<a data-no-smooth-scroll data-header class=\"menu-products__link\" href=\"#psy\"\n\t\t\t\t\t   target=\"\"><span>Psy<\/span>\n\t\t\t\t\t\t\t\t\t\t\t<\/a>\n\t\t\t\t\t\t\t\t\t<\/li>\n\t\t\t\t\t\t\t\t\t\t\t\t<li data-wrapper class=\"menu-products__item\">\n\t\t\t\t\t<a data-no-smooth-scroll data-header class=\"menu-products__link\" href=\"#koty\"\n\t\t\t\t\t   target=\"\"><span>Koty<\/span>\n\t\t\t\t\t\t\t\t\t\t\t<\/a>\n\t\t\t\t\t\t\t\t\t<\/li>\n\t\t\t\t\t\t\t\t\t\t\t\t<li data-wrapper class=\"menu-products__item\">\n\t\t\t\t\t<a data-no-smooth-scroll data-header class=\"menu-products__link\" href=\"#konie\"\n\t\t\t\t\t   target=\"\"><span>Konie<\/span>\n\t\t\t\t\t\t\t\t\t\t\t<\/a>\n\t\t\t\t\t\t\t\t\t<\/li>\n\t\t\t\t\t\t<\/ul>\n<\/nav>\n\t\t\t<\/div>\n\n\t\t\t<div class=\"col-12 col-lg-8 col-xl-9\">\n\t\t\t\t<div class=\"row\">\n\t\t\t\t\t<div class=\"col-12 col-lg-10 offset-lg-1\">\n\t\t\t\t\t\t<div class=\"spices__wrapper\">\n\t\t\t\t\t\t\t<h1 class=\"title title--28\">Nasze produkty<\/h1>\n\t\t\t\t\t\t\t<div class=\"txt\"><p>Produkty AnimaLeen\u00ae s\u0105 po\u0142\u0105czeniem zdrowia i smaku. Stanowi\u0105 naturalny koncentrat kwas\u00f3w Omega 3+6+9 wyizolowanych z oleju lnianego. Nie zawieraj\u0105 glutenu, GMO, konserwant\u00f3w ani cukru. S\u0105 to produkty wega\u0144skie.<\/p>\n<\/div>\n\t\t\t\t\t\t<\/div>\n\n\t\t\t\t\t\t<div class=\"spices__listing\">\n\t\t\t\t\t\t\t\t\t\t\t\t\t\t\t<div class=\"spices__element\">\n\t\t\t\t\t\t\t\t\t<i class=\"fal fa-dna\"><\/i>\n\t\t\t\t\t\t\t\t\t<span>Bez GMO<\/span>\n\t\t\t\t\t\t\t\t<\/div>\n\t\t\t\t\t\t\t\t\t\t\t\t\t\t\t<div class=\"spices__element\">\n\t\t\t\t\t\t\t\t\t<i class=\"fal fa-wheat\"><\/i>\n\t\t\t\t\t\t\t\t\t<span>Bez glutenu<\/span>\n\t\t\t\t\t\t\t\t<\/div>\n\t\t\t\t\t\t\t\t\t\t\t\t\t\t\t<div class=\"spices__element\">\n\t\t\t\t\t\t\t\t\t<i class=\"fal fa-seedling\"><\/i>\n\t\t\t\t\t\t\t\t\t<span>Produkt wega\u0144ski<\/span>\n\t\t\t\t\t\t\t\t<\/div>\n\t\t\t\t\t\t\t\t\t\t\t\t\t\t\t<div class=\"spices__element\">\n\t\t\t\t\t\t\t\t\t<i class=\"fal fa-flask\"><\/i>\n\t\t\t\t\t\t\t\t\t<span>Bez konserwant\u00f3w<\/span>\n\t\t\t\t\t\t\t\t<\/div>\n\t\t\t\t\t\t\t\t\t\t\t\t\t\t\t<div class=\"spices__element\">\n\t\t\t\t\t\t\t\t\t<i class=\"fal fa-cubes\"><\/i>\n\t\t\t\t\t\t\t\t\t<span>Bez dodatku cukru<\/span>\n\t\t\t\t\t\t\t\t<\/div>\n\t\t\t\t\t\t\t\t\t\t\t\t\t<\/div>\n\t\t\t\t\t<\/div>\n\t\t\t\t<\/div>\n\n\t\t\t<\/div>\n\t\t<\/div>\n\t<\/div>\n\n<\/section><section id=\"\" class=\"product-presentation acf-block acf-block-id-block_43e68ab9c00ed27d6737a85b02a7f7b0 product-presentation-spices acf-block--desktop-pt-120 acf-block--mobile-pt-80\">\n\n\t<div class=\"container\">\n\t\t<div class=\"row\">\n\t\t\t<div class=\"col-12 col-flex\">\n\t\t\t\t<h1 class=\"title title--32 product-presentation__title\">Wybierz ulubiony produkt AnimaLeen\u00ae dla twojego pupila!<\/h1>\n\t\t\t<\/div>\n\t\t<\/div>\n\t<\/div>\n\t\t\t\t\t\t<div data-scroll-id=\"\" id=\"psy\" class=\"product-presentation__even first-element\">\n\t\t\t\t<div class=\"container\">\n\t\t\t\t\t<div class=\"row\">\n\t\t\t\t\t\t<div class=\"col-12 col-md-5\">\n\t\t\t\t\t\t\t<div class=\"product-presentation__container\">\n\t\t\t\t\t\t\t\t<div class=\"product-presentation__img\">\n\t\t\t\t\t\t\t\t\t<img decoding=\"async\" src=\"https:\/\/www.animaleen.eu\/app\/uploads\/2023\/12\/animaleen-suplement-dla-psow.webp\" alt=\"\">\n\t\t\t\t\t\t\t\t<\/div>\n\t\t\t\t\t\t\t\t\t\t\t\t\t\t\t\t\t<div class=\"product-presentation__taste\">Aromat szynki<\/div>\n\t\t\t\t\t\t\t\t\t\t\t\t\t\t\t<\/div>\n\t\t\t\t\t\t<\/div>\n\t\t\t\t\t\t<div class=\"col-12 col-md-7\">\n\t\t\t\t\t\t\t<div class=\"product-presentation__wrapper\">\n\t\t\t\t\t\t\t\t<h3 class=\"title title--24\">AnimaLeen\u00ae Omega 3+6+9 Pies<br>Suplement diety dla ps\u00f3w<\/h3>\n\t\t\t\t\t\t\t\t<span class=\"product-presentation__subtitle\">Od\u017cywianie, na kt\u00f3re zas\u0142uguje Tw\u00f3j pies!<\/span>\n\t\t\t\t\t\t\t\t<div class=\"product-presentation__txt\"><p class=\"p1\">Zapewnij swojemu psu najlepsze wsparcie zdrowotne dzi\u0119ki AnimaLeen\u00ae Omega 3+6+9. Nasz suplement diety, przeznaczony zar\u00f3wno dla doros\u0142ych ps\u00f3w, jak i szczeni\u0105t, zosta\u0142 specjalnie sformu\u0142owany, aby zaspokoi\u0107 ich specyficzne potrzeby \u017cywieniowe. Z dodatkiem naturalnego aromatu szynki, ten suplement jest nie tylko zdrowy, ale i smaczny.<\/p>\n<ul>\n<li>\n<p class=\"p1\"><strong>Wsparcie dla staw\u00f3w: Nasz produkt pomaga w ochronie staw\u00f3w, zapewniaj\u0105c psom wi\u0119ksz\u0105 ruchliwo\u015b\u0107 i mniejszy dyskomfort.<\/strong><\/p>\n<\/li>\n<li>\n<p class=\"p1\"><strong>Poprawa kondycji sk\u00f3ry i sier\u015bci: Regularne stosowanie widocznie poprawia wygl\u0105d sk\u00f3ry i sier\u015bci Twojego psa, nadaj\u0105c im zdrowy blask.<\/strong><\/p>\n<\/li>\n<li>\n<p class=\"p1\"><strong>Zdrowie serca i uk\u0142adu kr\u0105\u017cenia: Omega 3 wspiera serce i uk\u0142ad kr\u0105\u017cenia, zmniejszaj\u0105c ryzyko problem\u00f3w zdrowotnych.<\/strong><\/p>\n<\/li>\n<li>\n<p class=\"p1\"><strong>Wzmocnienie uk\u0142adu odporno\u015bciowego: Kwasy Omega wzmacniaj\u0105 naturaln\u0105 odporno\u015b\u0107, pomagaj\u0105c w ochronie przed r\u00f3\u017cnymi chorobami.<\/strong><\/p>\n<\/li>\n<li>\n<p class=\"p1\"><strong>Uniwersalno\u015b\u0107: Nasz produkt jest idealny dla ka\u017cdego psa, niezale\u017cnie od rasy czy wieku.<\/strong><\/p>\n<\/li>\n<\/ul>\n<p class=\"p1\">AnimaLeen\u00ae Omega 3+6+9 to inwestycja w d\u0142ugie, zdrowe i szcz\u0119\u015bliwe \u017cycie Twojego czworono\u017cnego przyjaciela.<\/p>\n<p class=\"p1\">Wyb\u00f3r AnimaLeen\u00ae to nie tylko troska o fizyczne zdrowie Twojego psa, ale tak\u017ce o jego dobrostan psychiczny. Bogata zawarto\u015b\u0107 kwas\u00f3w Omega 3, 6 i 9 w naszym produkcie ma kluczowe znaczenie w leczeniu depresji i innych zaburze\u0144 behawioralnych. Te esencjonalne kwasy t\u0142uszczowe s\u0105 nieocenione w poprawie funkcjonowania m\u00f3zgu i og\u00f3lnego samopoczucia ps\u00f3w.<\/p>\n<p class=\"p1\">Regularne stosowanie AnimaLeen\u00ae przyczynia si\u0119 do poprawy nastroju, zwi\u0119kszenia energii oraz lepszego funkcjonowania umys\u0142u. Dzi\u0119ki temu, Tw\u00f3j pies mo\u017ce cieszy\u0107 si\u0119 lepszym zdrowiem emocjonalnym i bardziej zr\u00f3wnowa\u017conym zachowaniem.<\/p>\n<\/div>\n\n\t\t\t\t\t\t\t\t\t\t\t\t\t\t\t<\/div>\n\t\t\t\t\t\t<\/div>\n\t\t\t\t\t<\/div>\n\t\t\t\t<\/div>\n\t\t\t<\/div>\n\t\t\t\t\t\t\t\t<div data-scroll-id=\"\" id=\"koty\" class=\"product-presentation__odd\">\n\t\t\t\t<div class=\"container\">\n\t\t\t\t\t<div class=\"row\">\n\t\t\t\t\t\t<div class=\"col-12 col-md-7 order-1\">\n\t\t\t\t\t\t\t<div class=\"product-presentation__wrapper\">\n\t\t\t\t\t\t\t\t<h3 class=\"title title--24\">AnimaLeen\u00ae Omega 3+6+9 Kot<br>Suplement diety dla kot\u00f3w<\/h3>\n\t\t\t\t\t\t\t\t<span class=\"product-presentation__subtitle\">Odkryj moc Omegi dla zdrowia i witalno\u015bci Twojego kota!<\/span>\n\t\t\t\t\t\t\t\t<div class=\"product-presentation__txt\"><p class=\"p1\">Zadbaj o zdrowie i urod\u0119 swojego pupila z AnimaLeen\u00ae Omega 3+6+9. Ten unikatowy suplement diety zosta\u0142 specjalnie opracowany, aby wspiera\u0107 og\u00f3lny dobrostan Twojego kota, oferuj\u0105c mu niezb\u0119dne kwasy t\u0142uszczowe wzbogacone o smakowity naturalny aromat \u0142ososia.<\/p>\n<p class=\"p1\">Kluczowe korzy\u015bci:<\/p>\n<ul>\n<li>\n<p class=\"p1\"><strong>Zdrowie serca: Omega 3 wspiera funkcjonowanie serca, zmniejszaj\u0105c ryzyko problem\u00f3w kardiologicznych.<\/strong><\/p>\n<\/li>\n<li>\n<p class=\"p1\"><strong>L\u015bni\u0105ca sier\u015b\u0107 i zdrowa sk\u00f3ra: Regularne spo\u017cywanie poprawia kondycj\u0119 sk\u00f3ry i nadaje sier\u015bci blasku.<\/strong><\/p>\n<\/li>\n<li>\n<p class=\"p1\"><strong>Wsparcie dla nerek: Pomaga w utrzymaniu zdrowych nerek, redukuj\u0105c ryzyko chor\u00f3b nerkowych.<\/strong><\/p>\n<\/li>\n<li>\n<p class=\"p1\"><strong>Wi\u0119ksza energia: Pobudza aktywno\u015b\u0107, przyczyniaj\u0105c si\u0119 do lepszej kondycji fizycznej.<\/strong><\/p>\n<\/li>\n<li>\n<p class=\"p1\"><strong>Zdrowy umys\u0142: Korzystnie wp\u0142ywa na funkcje m\u00f3zgowe, poprawiaj\u0105c szybko\u015b\u0107 reakcji i percepcj\u0119.<\/strong><\/p>\n<\/li>\n<li>\n<p class=\"p1\"><strong>Dla koci\u0105t: Idealny dla rozwijaj\u0105cych si\u0119 m\u0142odych kot\u00f3w, wspieraj\u0105c rozw\u00f3j wzroku i m\u00f3zgu.<\/strong><\/p>\n<\/li>\n<li>\n<p class=\"p1\"><strong>Uniwersalno\u015b\u0107: Niezale\u017cnie od wieku czy rasy, AnimaLeen\u00ae Omega 3+6+9 jest odpowiedni dla ka\u017cdego kota.<\/strong><\/p>\n<\/li>\n<\/ul>\n<p class=\"p1\">Nasz suplement diety wspiera zdrowy rozw\u00f3j i utrzymanie witalno\u015bci w ka\u017cdym etapie \u017cycia kota. Jego wyj\u0105tkowa formu\u0142a zosta\u0142a opracowana z my\u015bl\u0105 o potrzebach \u017cywieniowych kot\u00f3w, dostarczaj\u0105c im kluczowych sk\u0142adnik\u00f3w od\u017cywczych, kt\u00f3re s\u0105 trudne do znalezienia w codziennej diecie.<\/p>\n<ul>\n<li class=\"p1\">\n<p class=\"p1\"><strong>Wspiera trawienie: Pomaga w utrzymaniu zdrowego uk\u0142adu trawiennego, co jest kluczowe dla og\u00f3lnego zdrowia kota.<\/strong><\/p>\n<\/li>\n<li>\n<p class=\"p1\"><strong>Zmniejsza stres oksydacyjny: Antyoksydanty w kwasach Omega pomagaj\u0105 w walce ze szkodliwymi wolnymi rodnikami,<\/strong><\/p>\n<\/li>\n<li>\n<p class=\"p1\"><strong>Bezpieczny i naturalny: Wykonany z najwy\u017cszej jako\u015bci sk\u0142adnik\u00f3w, bez sztucznych dodatk\u00f3w i konserwant\u00f3w.<\/strong><\/p>\n<\/li>\n<\/ul>\n<p class=\"p1\">Wybierz AnimaLeen\u00ae Omega 3+6+9, aby zapewni\u0107 swojemu kotu najlepsz\u0105 opiek\u0119 i cieszy\u0107 si\u0119 jego zdrowiem ka\u017cdego dnia. Spr\u00f3buj ju\u017c dzi\u015b i zobacz r\u00f3\u017cnic\u0119!<\/p>\n<\/div>\n\n\t\t\t\t\t\t\t\t\t\t\t\t\t\t\t<\/div>\n\t\t\t\t\t\t<\/div>\n\t\t\t\t\t\t<div class=\"col-12 col-md-5 order-2\">\n\t\t\t\t\t\t\t<div class=\"product-presentation__container\">\n\t\t\t\t\t\t\t\t<div class=\"product-presentation__img\">\n\t\t\t\t\t\t\t\t\t<img decoding=\"async\" src=\"https:\/\/www.animaleen.eu\/app\/uploads\/2023\/12\/animaleen-suplement-dla-kotow.webp\" alt=\"\">\n\t\t\t\t\t\t\t\t<\/div>\n\t\t\t\t\t\t\t\t\t\t\t\t\t\t\t\t\t<div class=\"product-presentation__taste\">Aromat \u0142ososia<\/div>\n\t\t\t\t\t\t\t\t\t\t\t\t\t\t\t<\/div>\n\t\t\t\t\t\t<\/div>\n\t\t\t\t\t<\/div>\n\t\t\t\t<\/div>\n\t\t\t<\/div>\n\t\t\t\t\t\t\t\t<div data-scroll-id=\"\" id=\"konie\" class=\"product-presentation__even \">\n\t\t\t\t<div class=\"container\">\n\t\t\t\t\t<div class=\"row\">\n\t\t\t\t\t\t<div class=\"col-12 col-md-5\">\n\t\t\t\t\t\t\t<div class=\"product-presentation__container\">\n\t\t\t\t\t\t\t\t<div class=\"product-presentation__img\">\n\t\t\t\t\t\t\t\t\t<img decoding=\"async\" src=\"https:\/\/www.animaleen.eu\/app\/uploads\/2023\/12\/animaleen-spray-do-kopyt.webp\" alt=\"\">\n\t\t\t\t\t\t\t\t<\/div>\n\t\t\t\t\t\t\t\t\t\t\t\t\t\t\t\t\t<div class=\"product-presentation__taste\">Spray do kopyt<\/div>\n\t\t\t\t\t\t\t\t\t\t\t\t\t\t\t<\/div>\n\t\t\t\t\t\t<\/div>\n\t\t\t\t\t\t<div class=\"col-12 col-md-7\">\n\t\t\t\t\t\t\t<div class=\"product-presentation__wrapper\">\n\t\t\t\t\t\t\t\t<h3 class=\"title title--24\">AnimaLeen\u00ae Omega 3+6+9 Spray do kopyt<\/h3>\n\t\t\t\t\t\t\t\t<span class=\"product-presentation__subtitle\">Rewolucyjny Spray do Kopyt dla Koni<\/span>\n\t\t\t\t\t\t\t\t<div class=\"product-presentation__txt\"><p class=\"p1\">AnimaLeen\u00ae prezentuje innowacyjne rozwi\u0105zanie w piel\u0119gnacji kopyt \u2013 Omega 3+6+9 Spray.<\/p>\n<p class=\"p1\">Dzi\u0119ki swojej wyj\u0105tkowej formule, nasz produkt nie tylko od\u017cywia i uelastycznia kopyta, ale tak\u017ce przyczynia si\u0119 do ich wzmocnienia i poprawy wygl\u0105du. Wykonany na bazie naturalnych olej\u00f3w ro\u015blinnych (olej lniany), stanowi koncentrat wyizolowanych Niezbe\u0328dnych Nienasyconych Kwas\u00f3w T\u0142uszczowych (NNKT) Omega 3 i Omega 6, oraz jednonienasyconego kwasu oleinowego Omega 9. Spray AnimaLeen\u00ae Omega 3+6+9 jest idealny do codziennej piel\u0119gnacji kopyt.<\/p>\n<p class=\"p1\">G\u0142\u00f3wne zalety:<\/p>\n<ul>\n<li>\n<p class=\"p1\"><strong>Nawil\u017cenie i ochrona: Pomaga w utrzymaniu odpowiedniego poziomu nawil\u017cenia kopyta, zapobiegaj\u0105c p\u0119kni\u0119ciom i uszkodzeniom.<\/strong><\/p>\n<\/li>\n<li>\n<p class=\"p1\"><strong>Wzmocnienie struktury: Zawiera sk\u0142adniki, kt\u00f3re wzmacniaj\u0105 i wspieraj\u0105 struktur\u0119 kopyta, poprawiaj\u0105c jego stan.<\/strong><\/p>\n<\/li>\n<li>\n<p class=\"p1\"><strong>Antybakteryjne dzia\u0142anie: Chroni przed infekcjami i bakteriami, szczeg\u00f3lnie przydatny w deszczowe dni.<\/strong><\/p>\n<\/li>\n<li>\n<p class=\"p1\"><strong>\u0141atwa aplikacja: Cichy spray u\u0142atwia aplikacj\u0119 bez p\u0142oszenia koni.<\/strong><\/p>\n<\/li>\n<\/ul>\n<p class=\"p1\">Spraw, aby kopyta Twojego konia by\u0142y zdrowe i pi\u0119kne z AnimaLeen\u00ae Omega 3+6+9. Idealny do codziennego u\u017cytku, dla ka\u017cdego konia.<\/p>\n<p class=\"p1\">Odkryj r\u00f3\u017cnic\u0119 z AnimaLeen\u00ae Omega 3+6+9 Spray<\/p>\n<p class=\"p1\">Wybieraj\u0105c spray do kopyt AnimaLeen\u00ae, inwestujesz w zdrowie i pi\u0119kno kopyt Twojego konia. Nasz produkt, oparty o kluczowe kwasy Omega, nie tylko dba o zdrowie kopyt, ale r\u00f3wnie\u017c przyczynia si\u0119 do og\u00f3lnego dobrego samopoczucia konia. Jego unikalna formu\u0142a zapewnia \u0142atwo\u015b\u0107 u\u017cycia i efektywno\u015b\u0107, co sprawia, \u017ce jest to niezast\u0105piony element codziennej piel\u0119gnacji koni w ka\u017cdym stadninie i hodowli. Spraw, aby Twoje konie cieszy\u0142y si\u0119 pi\u0119knymi i zdrowymi kopytami z AnimaLeen\u00ae.<\/p>\n<p class=\"p1\">AnimaLeen\u00ae Omega 3+6+9 Spray do Kopyt to wynik naszego oddania wobec zdrowia koni. Nasza pasja do doskona\u0142ej piel\u0119gnacji kopyt sprawi\u0142a, \u017ce stworzyli\u015bmy produkt, kt\u00f3ry nie tylko od\u017cywia i wzmacnia, ale tak\u017ce chroni i poprawia wygl\u0105d kopyt. Nasza formu\u0142a, oparta na naturze i wsparta badaniami, zapewnia Twojemu koniowi kompleksow\u0105 piel\u0119gnacj\u0119. Zawsze dbamy o to, aby nasze produkty by\u0142y nie tylko skuteczne, ale tak\u017ce \u0142atwe w u\u017cyciu i przyjazne dla koni. Dlatego AnimaLeen\u00ae to wyb\u00f3r, kt\u00f3ry zas\u0142uguje na uwag\u0119 ka\u017cdego mi\u0142o\u015bnika koni.<\/p>\n<\/div>\n\n\t\t\t\t\t\t\t\t\t\t\t\t\t\t\t<\/div>\n\t\t\t\t\t\t<\/div>\n\t\t\t\t\t<\/div>\n\t\t\t\t<\/div>\n\t\t\t<\/div>\n\t\t\t\n<\/section>","protected":false},"excerpt":{"rendered":"","protected":false},"author":1,"featured_media":0,"parent":0,"menu_order":0,"comment_status":"closed","ping_status":"closed","template":"","meta":{"_acf_changed":false,"footnotes":""},"class_list":["post-62","page","type-page","status-publish","hentry"],"acf":[],"_links":{"self":[{"href":"https:\/\/www.animaleen.eu\/pl\/wp-json\/wp\/v2\/pages\/62"}],"collection":[{"href":"https:\/\/www.animaleen.eu\/pl\/wp-json\/wp\/v2\/pages"}],"about":[{"href":"https:\/\/www.animaleen.eu\/pl\/wp-json\/wp\/v2\/types\/page"}],"author":[{"embeddable":true,"href":"https:\/\/www.animaleen.eu\/pl\/wp-json\/wp\/v2\/users\/1"}],"replies":[{"embeddable":true,"href":"https:\/\/www.animaleen.eu\/pl\/wp-json\/wp\/v2\/comments?post=62"}],"version-history":[{"count":3,"href":"https:\/\/www.animaleen.eu\/pl\/wp-json\/wp\/v2\/pages\/62\/revisions"}],"predecessor-version":[{"id":1729,"href":"https:\/\/www.animaleen.eu\/pl\/wp-json\/wp\/v2\/pages\/62\/revisions\/1729"}],"wp:attachment":[{"href":"https:\/\/www.animaleen.eu\/pl\/wp-json\/wp\/v2\/media?parent=62"}],"curies":[{"name":"wp","href":"https:\/\/api.w.org\/{rel}","templated":true}]}}