{"id":36,"date":"2022-10-09T19:03:53","date_gmt":"2022-10-09T17:03:53","guid":{"rendered":"https:\/\/leenvit.pl\/?page_id=36"},"modified":"2024-11-08T11:09:28","modified_gmt":"2024-11-08T10:09:28","slug":"oferta-biznesowa","status":"publish","type":"page","link":"https:\/\/www.animaleen.eu\/pl\/oferta-biznesowa\/","title":{"rendered":"Oferta biznesowa"},"content":{"rendered":"<section id=\"\" class=\"headline-link acf-block acf-block-id-block_fb2b44971e5f13b5f4b1e44581d2edea  acf-block--desktop-pt-110 acf-block--desktop-pb-80 acf-block--mobile-pt-60\">\n\n\t<div class=\"container bgc-container\">\n\t\t<div class=\"row\">\n\t\t\t<div class=\"col-12 col-flex\">\n\t\t\t\t<div class=\"headline-link__wrapper\">\n\t\t\t\t\t<span class=\"subtitle\">Us\u0142ugi dla biznesu<\/span>\n\t\t\t\t\t<h1 class=\"title\">Daj kupuj\u0105cemu dodatkowy pow\u00f3d do wyboru Twojego produktu<\/h1>\n\n\t\t\t\t\t\t\t\t\t<\/div>\n\t\t\t<\/div>\n\t\t<\/div>\n\t<\/div>\n\n<\/section><section id=\"\" class=\"pros acf-block acf-block-id-block_b10de0b0de27f55da6c5b09799be86b9  acf-block--desktop-pt-120 acf-block--mobile-pt-50\">\n\n\t<div class=\"container\">\n\t\t<div class=\"row\">\n\t\t\t<div class=\"col-12 col-flex\">\n\t\t\t\t<h1 class=\"title title--32\">Kompleksowa wsp\u00f3\u0142praca z Leenvit\u00ae<\/h1>\n\t\t\t<\/div>\n\t\t<\/div>\n\n\t\t<div class=\"row\">\n\t\t\t\t\t\t\t<div class=\"col-12 col-lg-4\">\n\t\t\t\t\t<div class=\"pros__element \">\n\t\t\t\t\t\t<div class=\"pros__mark\"><i class=\"fal fa-check\"><\/i><\/div>\n\t\t\t\t\t\t<h3 class=\"pros__title\">Konfekcjonowanie produkt\u00f3w<\/h3>\n\t\t\t\t\t\t<div class=\"txt\">Prowadzimy us\u0142ugi konfekcjonowania produkt\u00f3w p\u0142ynnych do r\u00f3\u017cnorodnych opakowa\u0144 (butelki, spray lub spray BOV, i inne) wed\u0142ug \u017cycze\u0144 i potrzeb klienta.<\/div>\n\t\t\t\t\t\t\t\t\t\t\t<\/div>\n\t\t\t\t<\/div>\n\t\t\t\t\t\t\t<div class=\"col-12 col-lg-4\">\n\t\t\t\t\t<div class=\"pros__element \">\n\t\t\t\t\t\t<div class=\"pros__mark\"><i class=\"fal fa-check\"><\/i><\/div>\n\t\t\t\t\t\t<h3 class=\"pros__title\">Innowacyjne produkty<\/h3>\n\t\t\t\t\t\t<div class=\"txt\">Naszym klientom oferujemy pomoc w stworzeniu nowych innowacyjnych produkt\u00f3w z estrami Omega 3+6+9. <\/div>\n\t\t\t\t\t\t\t\t\t\t\t<\/div>\n\t\t\t\t<\/div>\n\t\t\t\t\t\t\t<div class=\"col-12 col-lg-4\">\n\t\t\t\t\t<div class=\"pros__element \">\n\t\t\t\t\t\t<div class=\"pros__mark\"><i class=\"fal fa-check\"><\/i><\/div>\n\t\t\t\t\t\t<h3 class=\"pros__title\">Kompleksowe wsparcie<\/h3>\n\t\t\t\t\t\t<div class=\"txt\">Pomagamy naszym klientom w przygotowaniu i opracowaniu tre\u015bci na etykiety produktowe, zgodnie z obowi\u0105zuj\u0105cymi przepisami.<\/div>\n\t\t\t\t\t\t\t\t\t\t\t<\/div>\n\t\t\t\t<\/div>\n\t\t\t\t\t\t\t<div class=\"col-12 col-lg-4\">\n\t\t\t\t\t<div class=\"pros__element \">\n\t\t\t\t\t\t<div class=\"pros__mark\"><i class=\"fal fa-check\"><\/i><\/div>\n\t\t\t\t\t\t<h3 class=\"pros__title\">Pe\u0142na dokumentacja<\/h3>\n\t\t\t\t\t\t<div class=\"txt\">Wytworzone przez nas produkty, posiadaj\u0105 dokumentacj\u0119 jako\u015bciow\u0105 i bezpiecze\u0144stwa.<\/div>\n\t\t\t\t\t\t\t\t\t\t\t<\/div>\n\t\t\t\t<\/div>\n\t\t\t\t\t\t\t<div class=\"col-12 col-lg-4\">\n\t\t\t\t\t<div class=\"pros__element  pros__element--last \">\n\t\t\t\t\t\t<div class=\"pros__mark\"><i class=\"fal fa-check\"><\/i><\/div>\n\t\t\t\t\t\t<h3 class=\"pros__title\">Dlaczego jeszcze warto z nami wsp\u00f3\u0142pracowa\u0107?<\/h3>\n\t\t\t\t\t\t<div class=\"txt\">Um\u00f3wmy si\u0119 rozmow\u0119, w kt\u00f3rej przybli\u017cymy Ci nasz\u0105 ofert\u0119 dla biznesu<\/div>\n\t\t\t\t\t\t\t\t\t\t\t\t\t<a href=\"https:\/\/www.animaleen.eu\/pl\/kontakt\/\"\n\t\t\t\t\t\t\t   class=\"btn btn--l btn--blue40 btn--border btn--arrow\">Skontaktuj si\u0119 z nami<\/a>\n\t\t\t\t\t\t\t\t\t\t\t<\/div>\n\t\t\t\t<\/div>\n\t\t\t\t\t<\/div>\n\t<\/div>\n\n<\/section><section id=\"\"\n\t\t class=\"about-us  about-us--reversed  acf-block acf-block-id-block_9c82af26dc41412dbdcb3539f1c235e6 no-bgc-img acf-block--mobile-pt-60 \">\n\n\n\t\n\t\t<div class=\"container\">\n\t\t\t\t\t\t\t<div class=\"row\">\n\t\t\t\t\t<div class=\"col-12 col-flex\">\n\t\t\t\t\t\t<h1 class=\"title title--32 title--center\">Dlaczego wybra\u0107 Animaleen?<\/h1>\n\t\t\t\t\t<\/div>\n\t\t\t\t<\/div>\n\t\t\t\t\t\t<div class=\"row row-flex\">\n\t\t\t\t\t\t\t\t\t\t\t\t\t\t\t<div class=\"about-us__element\">\n\t\t\t\t\t\t\t<div\n\t\t\t\t\t\t\t\tclass=\" col-12 col-lg-5  \">\n\t\t\t\t\t\t\t\t<div class=\"about-us__img\">\n\t\t\t\t\t\t\t\t\t<img decoding=\"async\" src=\"https:\/\/www.animaleen.eu\/app\/uploads\/2022\/10\/images-lab.webp\" alt=\"\"\n\t\t\t\t\t\t\t\t\t\t srcset=\"https:\/\/www.animaleen.eu\/app\/uploads\/2022\/10\/images-lab.webp 1x, https:\/\/www.animaleen.eu\/app\/uploads\/2022\/10\/images-lab.webp 2x\">\n\t\t\t\t\t\t\t\t<\/div>\n\t\t\t\t\t\t\t<\/div>\n\n\n\t\t\t\t\t\t\t<div\n\t\t\t\t\t\t\t\tclass=\" col-12 col-lg-6 offset-lg-1  \">\n\t\t\t\t\t\t\t\t<div class=\"about-us__wrapper\">\n\t\t\t\t\t\t\t\t\t\t\t\t\t\t\t\t\t\t\t<span class=\"subtitle\">Badania<\/span>\n\t\t\t\t\t\t\t\t\t\t\t\t\t\t\t\t\t\t<h2 class=\"title title--28\">Bezpiecze\u0144stwo i skuteczno\u015b\u0107 potwierdzone badaniami<\/h2>\n\t\t\t\t\t\t\t\t\t<div class=\"txt\"><p>Opatentowany unikalny proces produkcji Animaleen\u00ae <strong>zapewnia wyizolowanie najczystszej, skoncentrowanej formy kwas\u00f3w Omega 3+6+9,<\/strong> kt\u00f3re cechuj\u0105 si\u0119 ca\u0142kowitym brakiem toksyczno\u015bci oraz jakichkolwiek zanieczyszcze\u0144.<\/p>\n<p>Przed wprowadzeniem do \u0142a\u0144cucha poda\u017cy tej czystej formy Niezb\u0119dnych Nienasyconych Kwas\u00f3w T\u0142uszczowych, <strong>produkt poddano rygorystycznym badaniom toksykologicznym<\/strong> wed\u0142ug dokumentu OECD nr 129 (ENV\/JM\/MONO(2010)20) w Zak\u0142adzie Bada\u0144 Toksykologicznych Instytutu Przemys\u0142u Organicznego w Pszczynie posiadaj\u0105cego certyfikaty Dobrej Praktyki Laboratoryjnej (GLP), a mianowicie Statement of GLP Compliance No. G 024 i Certyfikat Zgodno\u015bci z Zasadami Dobrej Praktyki Laboratoryjnej Nr 4\/2006\/DPL 024, uko\u0144czonych z wynikiem pozytywnym. Nasz zak\u0142ad posiada certyfikat GMP+.<\/p>\n<\/div>\n\t\t\t\t\t\t\t\t\t\t\t\t\t\t\t\t\t<\/div>\n\t\t\t\t\t\t\t<\/div>\n\t\t\t\t\t\t<\/div>\n\n\t\t\t\t\t\n\t\t\t\t\t\n\t\t\t\t\t\t\t<\/div>\n\t\t<\/div>\n\n\t\n\n<\/section><section id=\"\"\n\t\t class=\"about-us  acf-block acf-block-id-block_5297205be741b51502fbd8f33946e41e no-bgc-img pb-40 acf-block--desktop-pt-120 acf-block--mobile-pt-75 \">\n\n\n\t\n\t\t<div class=\"container\">\n\t\t\t\t\t\t<div class=\"row row-flex\">\n\t\t\t\t\t\t\t\t\t\t\t\t\t\t\t<div class=\"about-us__element\">\n\t\t\t\t\t\t\t<div class=\"col-12 col-lg-6 mobile-order-1\">\n\t\t\t\t\t\t\t\t<div class=\"about-us__wrapper\">\n\t\t\t\t\t\t\t\t\t\t\t\t\t\t\t\t\t\t\t<span class=\"subtitle\">Produkcja<\/span>\n\t\t\t\t\t\t\t\t\t\t\t\t\t\t\t\t\t\t<h2 class=\"title title--28\">Pe\u0142na kontrola procesu<\/h2>\n\t\t\t\t\t\t\t\t\t<div class=\"txt\"><p>Dzi\u0119ki pe\u0142nej kontroli procesu produkcyjnego jeste\u015bmy w stanie utrzymywa\u0107 sta\u0142y sk\u0142ad oraz wysok\u0105 jako\u015b\u0107 naszych produkt\u00f3w. Cykl produkcyjny monitorowany jest od momentu pozyskiwania ziaren lnu a\u017c do otrzymywania gotowego wyrobu. Ka\u017cda partia zakupionego ziarna przed przekazaniem do wyt\u0142aczania jest szczeg\u00f3\u0142owo badana pod k\u0105tem zawarto\u015bci kwas\u00f3w Omega 3+6+9. Posiadamy w\u0142asne t\u0142ocznie oleju, dzi\u0119ki czemu produkcja naszej Omegi jest prowadzona tylko przy u\u017cyciu sprawdzonego i \u015bwie\u017cego oleju lnianego. Szereg powyz\u0307szych czynnik\u00f3w pozwala nam dac\u0301 gwarancje\u0328 tego, z\u0307e nasz preparat jest:<\/p>\n<ul>\n<li>\n<p class=\"p1\">Naturalny i ultra czysty;<\/p>\n<\/li>\n<li>\n<p class=\"p1\">Bez dodatk\u00f3w, konserwant\u00f3w, alergen\u00f3w;<\/p>\n<\/li>\n<li>\n<p class=\"p1\">Bez GMO oraz bez herbicyd\u00f3w.<\/p>\n<\/li>\n<\/ul>\n<\/div>\n\t\t\t\t\t\t\t\t\t\t\t\t\t\t\t\t\t<\/div>\n\t\t\t\t\t\t\t<\/div>\n\n\t\t\t\t\t\t\t<div\n\t\t\t\t\t\t\t\tclass=\" col-12 col-lg-5 offset-lg-1 mobile-order-2 \">\n\t\t\t\t\t\t\t\t<div class=\"about-us__img\">\n\t\t\t\t\t\t\t\t\t<img decoding=\"async\" src=\"https:\/\/www.animaleen.eu\/app\/uploads\/2022\/10\/about-2.webp\" alt=\"\"\n\t\t\t\t\t\t\t\t\t\t srcset=\"https:\/\/www.animaleen.eu\/app\/uploads\/2022\/10\/about-2.webp 1x, https:\/\/www.animaleen.eu\/app\/uploads\/2022\/10\/about-2.webp 2x\">\n\t\t\t\t\t\t\t\t<\/div>\n\t\t\t\t\t\t\t<\/div>\n\t\t\t\t\t\t<\/div>\n\t\t\t\t\t\n\t\t\t\t\t\n\t\t\t\t\t\t\t<\/div>\n\t\t<\/div>\n\n\t\n\n<\/section><section id=\"\" class=\"oval acf-block acf-block-id-block_ea9fa70d6ea06de2ad9f82f7c8aed25c  acf-block--desktop-pt-130 acf-block--mobile-pt-80\">\n\n\t<div class=\"container image-container\">\n\t\t<div class=\"row\">\n\t\t\t<div class=\"col-12 col-flex\">\n\t\t\t\t<div class=\"oval__oval\" data-bubbles-count=\"8\">\n\t\t\t\t\t<div class=\"oval__central\">\n\t\t\t\t\t\t<div class=\"oval__img\">\n\t\t\t\t\t\t\t<img decoding=\"async\" src=\"\" alt=\"\"\n\t\t\t\t\t\t\t\t srcset=\" 1x,  2x\">\n\t\t\t\t\t\t<\/div>\n\t\t\t\t\t\t<p class=\"oval__desc\">Sprawd\u017a cechy produktu<\/p>\n\t\t\t\t\t<\/div>\n\n\t\t\t\t\t\t\t\t\t\t\t<div class=\"plus plus-1 active\" tabindex=\"1\">\n\t\t\t\t\t\t\t<p>Utrzymuje si\u0119 w organizmie do 24h<\/p>\n\t\t\t\t\t\t\t<i>1<\/i>\n\t\t\t\t\t\t<\/div>\n\t\t\t\t\t\t\t\t\t\t\t<div class=\"plus plus-2\" tabindex=\"1\">\n\t\t\t\t\t\t\t<p>Brak toksyczno\u015bci<\/p>\n\t\t\t\t\t\t\t<i>2<\/i>\n\t\t\t\t\t\t<\/div>\n\t\t\t\t\t\t\t\t\t\t\t<div class=\"plus plus-3\" tabindex=\"1\">\n\t\t\t\t\t\t\t<p>Poprawa funkcji oddechowych<\/p>\n\t\t\t\t\t\t\t<i>3<\/i>\n\t\t\t\t\t\t<\/div>\n\t\t\t\t\t\t\t\t\t\t\t<div class=\"plus plus-4\" tabindex=\"1\">\n\t\t\t\t\t\t\t<p>Wykazuje ochronne dzia\u0142anie nerek<\/p>\n\t\t\t\t\t\t\t<i>4<\/i>\n\t\t\t\t\t\t<\/div>\n\t\t\t\t\t\t\t\t\t\t\t<div class=\"plus plus-5\" tabindex=\"1\">\n\t\t\t\t\t\t\t<p>W\u0142a\u015bciwo\u015bci przeciwzapalne<\/p>\n\t\t\t\t\t\t\t<i>5<\/i>\n\t\t\t\t\t\t<\/div>\n\t\t\t\t\t\t\t\t\t\t\t<div class=\"plus plus-6\" tabindex=\"1\">\n\t\t\t\t\t\t\t<p>\u0141atwe podanie<\/p>\n\t\t\t\t\t\t\t<i>6<\/i>\n\t\t\t\t\t\t<\/div>\n\t\t\t\t\t\t\t\t\t\t\t<div class=\"plus plus-7\" tabindex=\"1\">\n\t\t\t\t\t\t\t<p>Poprawa jako\u015bci sk\u00f3ry i sier\u015bci<\/p>\n\t\t\t\t\t\t\t<i>7<\/i>\n\t\t\t\t\t\t<\/div>\n\t\t\t\t\t\t\t\t\t\t\t<div class=\"plus plus-8\" tabindex=\"1\">\n\t\t\t\t\t\t\t<p>Brak mo\u017cliwo\u015bci przedawkowania<\/p>\n\t\t\t\t\t\t\t<i>8<\/i>\n\t\t\t\t\t\t<\/div>\n\t\t\t\t\t\t\t\t\t<\/div>\n\t\t\t<\/div>\n\t\t<\/div>\n\t<\/div>\n\n\n<\/section><section id=\"\" class=\"why-us acf-block acf-block-id-block_03fe961bc090d598bb5e078391f42ce1 bottom-line acf-block--desktop-pt-80 acf-block--mobile-pt-30 acf-block--mobile-pb-25\">\n\n\n\t<div class=\"container\">\n\t\t<div class=\"row\">\n\t\t\t<div class=\"col-12 col-flex\">\n\t\t\t\t<h1 class=\"title title--32\"><\/h1>\n\t\t\t<\/div>\n\t\t<\/div>\n\t<\/div>\n\n\t<div class=\"container\">\n\t\t<div class=\"mobile-zipper\">\n\t\t\t<div class=\"row mobile-zip\">\n\t\t\t\t<div class=\"col-4 col-no-line\">\n\t\t\t\t\t<div class=\"why-us__header why-us__color-gold\">Estry Leenvit\u00ae<\/div>\n\t\t\t\t<\/div>\n\t\t\t\t<div class=\"col-4 col-no-line\">\n\t\t\t\t\t<div class=\"why-us__header\">Olej rybi<\/div>\n\t\t\t\t<\/div>\n\t\t\t\t<div class=\"col-4 col-no-line\">\n\t\t\t\t\t<div class=\"why-us__header\">Olej lniany<\/div>\n\t\t\t\t<\/div>\n\t\t\t<\/div>\n\n\n\t\t\t\t\t\t\t<div class=\"row row-line mobile-zip\">\n\t\t\t\t\t<div class=\"col-4\">\n\t\t\t\t\t\t<div class=\"why-us__container\">\n\t\t\t\t\t\t\t<div class=\"txt\"><ul>\n<li>Wysoka biodost\u0119pno\u015b\u0107<\/li>\n<li>brak utleniania<\/li>\n<li>innowacyjna technologia estryfikacji<\/li>\n<\/ul>\n<\/div>\n\t\t\t\t\t\t<\/div>\n\t\t\t\t\t<\/div>\n\t\t\t\t\t<div class=\"col-4\">\n\t\t\t\t\t\t<div class=\"why-us__container\">\n\t\t\t\t\t\t\t<div class=\"txt txt--modify\"><ul>\n<li>Wiele olej\u00f3w rybnych ulega utlenieniu podczas produkcji, co obni\u017ca ich aktywno\u015b\u0107 farmakologiczn\u0105 i wprowadza w\u0142a\u015bciwo\u015bci toksyczne<\/li>\n<\/ul>\n<\/div>\n\t\t\t\t\t\t<\/div>\n\t\t\t\t\t<\/div>\n\t\t\t\t\t<div class=\"col-4\">\n\t\t\t\t\t\t<div class=\"why-us__container\">\n\t\t\t\t\t\t\t<div class=\"txt txt--modify\"><ul>\n<li>Oleje lniane ulegaj\u0105 utlenieniu podczas produkcji, dlatego zawarte w nich t\u0142uszcze mog\u0105 zamieni\u0107 si\u0119 w trucizn\u0119<\/li>\n<\/ul>\n<\/div>\n\t\t\t\t\t\t<\/div>\n\t\t\t\t\t<\/div>\n\t\t\t\t<\/div>\n\t\t\t\t\t\t\t<div class=\"row row-line mobile-zip\">\n\t\t\t\t\t<div class=\"col-4\">\n\t\t\t\t\t\t<div class=\"why-us__container\">\n\t\t\t\t\t\t\t<div class=\"txt\"><ul>\n<li>Brak szkodliwych, toksycznych substancji<\/li>\n<\/ul>\n<\/div>\n\t\t\t\t\t\t<\/div>\n\t\t\t\t\t<\/div>\n\t\t\t\t\t<div class=\"col-4\">\n\t\t\t\t\t\t<div class=\"why-us__container\">\n\t\t\t\t\t\t\t<div class=\"txt txt--modify\"><ul>\n<li>Ryby mog\u0105 zawiera\u0107 toksyczne metale ci\u0119\u017ckie \u2013 rt\u0119\u0107, kadm<\/li>\n<\/ul>\n<\/div>\n\t\t\t\t\t\t<\/div>\n\t\t\t\t\t<\/div>\n\t\t\t\t\t<div class=\"col-4\">\n\t\t\t\t\t\t<div class=\"why-us__container\">\n\t\t\t\t\t\t\t<div class=\"txt txt--modify\"><ul>\n<li>W oleju lnianym mo\u017cna znale\u017a\u0107 wiele szkodliwych substancji, metali ci\u0119\u017ckich, zwi\u0105zk\u00f3w cyjanogennych i pestycyd\u00f3w<\/li>\n<\/ul>\n<\/div>\n\t\t\t\t\t\t<\/div>\n\t\t\t\t\t<\/div>\n\t\t\t\t<\/div>\n\t\t\t\t\t\t\t<div class=\"row row-line mobile-zip\">\n\t\t\t\t\t<div class=\"col-4\">\n\t\t\t\t\t\t<div class=\"why-us__container\">\n\t\t\t\t\t\t\t<div class=\"txt\"><ul>\n<li>Bogate w Omega, czyste, naturalne<\/li>\n<\/ul>\n<\/div>\n\t\t\t\t\t\t<\/div>\n\t\t\t\t\t<\/div>\n\t\t\t\t\t<div class=\"col-4\">\n\t\t\t\t\t\t<div class=\"why-us__container\">\n\t\t\t\t\t\t\t<div class=\"txt txt--modify\"><ul>\n<li>Ryby zawieraj\u0105 zwi\u0105zki neurotoksyczne i kwasy t\u0142uszczowe trans<\/li>\n<\/ul>\n<\/div>\n\t\t\t\t\t\t<\/div>\n\t\t\t\t\t<\/div>\n\t\t\t\t\t<div class=\"col-4\">\n\t\t\t\t\t\t<div class=\"why-us__container\">\n\t\t\t\t\t\t\t<div class=\"txt txt--modify\"><ul>\n<li>Zdecydowana wi\u0119kszo\u015b\u0107 olej\u00f3w lnianych pozyskiwana jest z niskolinolenowych odmian lnu<\/li>\n<\/ul>\n<\/div>\n\t\t\t\t\t\t<\/div>\n\t\t\t\t\t<\/div>\n\t\t\t\t<\/div>\n\t\t\t\t\t<\/div>\n\t<\/div>\n\n\n<\/section><section id=\"\" class=\"highlighted-text acf-block acf-block-id-block_ec952a4f2059f1c8fd19e83df6e74ed2  acf-block--desktop-pt-80 acf-block--mobile-pt-25 acf-block--mobile-pb-25\">\n\n\t<div class=\"container container--bgc\">\n\t\t<div class=\"row\">\n\t\t\t<div class=\"col-12 col-lg-8 offset-lg-4\">\n\t\t\t\t<h1 class=\"title title--32\">AnimaLeen\u00ae wykorzystuje naturalny proces estryfikacji oleju lnianego w \u015brodowisku beztlenowym, aby uzyska\u0107 najczystsz\u0105 form\u0119 estr\u00f3w kwasu Omega 3 ALA.<\/h1>\n\t\t\t<\/div>\n\t\t<\/div>\n\t<\/div>\n\n<\/section><section id=\"\" class=\"headline-link acf-block acf-block-id-block_5d2404889d037527e602e1b732ef00be no-bgc-img link-arrow-right no-line acf-block--desktop-pt-120 acf-block--desktop-pb-130 acf-block--mobile-pt-60 acf-block--mobile-pb-100\">\n\n\t<div class=\"container bgc-container\">\n\t\t<div class=\"row\">\n\t\t\t<div class=\"col-12 col-flex\">\n\t\t\t\t<div class=\"headline-link__wrapper\">\n\t\t\t\t\t<span class=\"subtitle\">Wyr\u00f3\u017cnij si\u0119 na swoim rynku<\/span>\n\t\t\t\t\t<h1 class=\"title\">Dodaj AnimaLeen\u00ae Omega 3, aby zyska\u0107 przewag\u0119 nad konkurencj\u0105!<\/h1>\n\n\t\t\t\t\t\t\t\t\t\t\t<a href=\"https:\/\/www.animaleen.eu\/pl\/kontakt\/\"\n\t\t\t\t\t\t   class=\"btn btn--xl btn--gold btn--arrow-down\">Porozmawiajmy!<\/a>\n\t\t\t\t\t\t\t\t\t<\/div>\n\t\t\t<\/div>\n\t\t<\/div>\n\t<\/div>\n\n<\/section>","protected":false},"excerpt":{"rendered":"","protected":false},"author":1,"featured_media":0,"parent":0,"menu_order":0,"comment_status":"closed","ping_status":"closed","template":"","meta":{"_acf_changed":false,"footnotes":""},"class_list":["post-36","page","type-page","status-publish","hentry"],"acf":[],"_links":{"self":[{"href":"https:\/\/www.animaleen.eu\/pl\/wp-json\/wp\/v2\/pages\/36"}],"collection":[{"href":"https:\/\/www.animaleen.eu\/pl\/wp-json\/wp\/v2\/pages"}],"about":[{"href":"https:\/\/www.animaleen.eu\/pl\/wp-json\/wp\/v2\/types\/page"}],"author":[{"embeddable":true,"href":"https:\/\/www.animaleen.eu\/pl\/wp-json\/wp\/v2\/users\/1"}],"replies":[{"embeddable":true,"href":"https:\/\/www.animaleen.eu\/pl\/wp-json\/wp\/v2\/comments?post=36"}],"version-history":[{"count":3,"href":"https:\/\/www.animaleen.eu\/pl\/wp-json\/wp\/v2\/pages\/36\/revisions"}],"predecessor-version":[{"id":1717,"href":"https:\/\/www.animaleen.eu\/pl\/wp-json\/wp\/v2\/pages\/36\/revisions\/1717"}],"wp:attachment":[{"href":"https:\/\/www.animaleen.eu\/pl\/wp-json\/wp\/v2\/media?parent=36"}],"curies":[{"name":"wp","href":"https:\/\/api.w.org\/{rel}","templated":true}]}}