{"id":34,"date":"2022-10-09T19:03:40","date_gmt":"2022-10-09T17:03:40","guid":{"rendered":"https:\/\/leenvit.pl\/?page_id=34"},"modified":"2024-10-31T10:31:31","modified_gmt":"2024-10-31T09:31:31","slug":"czym-jest-animaleen","status":"publish","type":"page","link":"https:\/\/www.animaleen.eu\/pl\/czym-jest-animaleen\/","title":{"rendered":"Czym jest Animaleen?"},"content":{"rendered":"<section id=\"\"\n\t\t class=\"about-us  acf-block acf-block-id-block_6ecfd4b7c8ea9749e6be26bd3f767ae2 no-bgc-img mobile-reversed acf-block--desktop-pt-80 acf-block--mobile-pt-50 \">\n\n\n\t\n\t\t<div class=\"container\">\n\t\t\t\t\t\t<div class=\"row row-flex\">\n\t\t\t\t\t\t\t\t\t\t\t\t\t\t\t<div class=\"about-us__element\">\n\t\t\t\t\t\t\t<div class=\"col-12 col-lg-6 mobile-order-1\">\n\t\t\t\t\t\t\t\t<div class=\"about-us__wrapper\">\n\t\t\t\t\t\t\t\t\t\t\t\t\t\t\t\t\t\t\t<span class=\"subtitle\">Czym jest Animaleen?<\/span>\n\t\t\t\t\t\t\t\t\t\t\t\t\t\t\t\t\t\t<h2 class=\"title title--28\"> Unikalny. Naturalny. Animaleen<\/h2>\n\t\t\t\t\t\t\t\t\t<div class=\"txt\"><ul>\n<li>\n<p class=\"p1\">produkt dla zwierz\u0105t powsta\u0142y <b>na<\/b> <b>bazie olej\u00f3w ros\u0301linnych<\/b> (olej lniany)<\/p>\n<\/li>\n<li>\n<p class=\"p1\">stanowi <b>koncentrat<\/b> wyizolowanych Niezbe\u0328dnych Nienasyconych Kwas\u00f3w T\u0142uszczowych (NNKT) Omega 3 i Omega 6, oraz jednonienasyconego kwasu oleinowego Omega 9<\/p>\n<\/li>\n<li>\n<p class=\"p1\">jest najczystsza\u0328 form\u0105 kwas\u00f3w Omega 3+6+9 w formie <b>estr\u00f3w<\/b> o wysokiej biodost\u0119pno\u015bci<\/p>\n<\/li>\n<li>\n<p class=\"p1\"><b>nie zawiera szkodliwych substancji<\/b> wyste\u0328puja\u0328cych w oleju lnianym, innych olejach ro\u015blinnych i tranie rybim, takich jak: metale cie\u0328z\u0307kie, zwia\u0328zki cyjanogenne \u2013 linustatyna, linamaryna, neolinustatyna, lotaustralina, czy tez\u0307 pestycydy.<\/p>\n<\/li>\n<\/ul>\n<\/div>\n\t\t\t\t\t\t\t\t\t\t\t\t\t\t\t\t\t<\/div>\n\t\t\t\t\t\t\t<\/div>\n\n\t\t\t\t\t\t\t<div\n\t\t\t\t\t\t\t\tclass=\" col-12 col-lg-6 mobile-order-2 \">\n\t\t\t\t\t\t\t\t<div class=\"about-us__img\">\n\t\t\t\t\t\t\t\t\t<img decoding=\"async\" src=\"https:\/\/www.animaleen.eu\/app\/uploads\/2024\/10\/img-czym-jest-animaleen-1.webp\" alt=\"\"\n\t\t\t\t\t\t\t\t\t\t srcset=\"https:\/\/www.animaleen.eu\/app\/uploads\/2024\/10\/img-czym-jest-animaleen-1.webp 1x, https:\/\/www.animaleen.eu\/app\/uploads\/2024\/10\/img-czym-jest-animaleen-1.webp 2x\">\n\t\t\t\t\t\t\t\t<\/div>\n\t\t\t\t\t\t\t<\/div>\n\t\t\t\t\t\t<\/div>\n\t\t\t\t\t\n\t\t\t\t\t\n\t\t\t\t\t\t\t<\/div>\n\t\t<\/div>\n\n\t\n\n<\/section><section id=\"\"\n\t\t class=\"about-us  about-us--reversed  acf-block acf-block-id-block_10a4d96806f9232173f1bf5f08111d2c img-sticky no-bgc-img acf-block--desktop-pt-120 acf-block--mobile-pt-80 \">\n\n\n\t\n\t\t<div class=\"container\">\n\t\t\t\t\t\t<div class=\"row row-flex\">\n\t\t\t\t\t\t\t\t\t\t\t\t\t\t\t<div class=\"about-us__element\">\n\t\t\t\t\t\t\t<div\n\t\t\t\t\t\t\t\tclass=\" col-12 col-lg-6 \">\n\t\t\t\t\t\t\t\t<div class=\"about-us__img\">\n\t\t\t\t\t\t\t\t\t<img decoding=\"async\" src=\"https:\/\/www.animaleen.eu\/app\/uploads\/2024\/10\/img-czym-jest-animaleen-2.webp\" alt=\"\"\n\t\t\t\t\t\t\t\t\t\t srcset=\"https:\/\/www.animaleen.eu\/app\/uploads\/2024\/10\/img-czym-jest-animaleen-2.webp 1x, https:\/\/www.animaleen.eu\/app\/uploads\/2024\/10\/img-czym-jest-animaleen-2.webp 2x\">\n\t\t\t\t\t\t\t\t<\/div>\n\t\t\t\t\t\t\t<\/div>\n\n\n\t\t\t\t\t\t\t<div\n\t\t\t\t\t\t\t\tclass=\" col-12 col-lg-6  \">\n\t\t\t\t\t\t\t\t<div class=\"about-us__wrapper\">\n\t\t\t\t\t\t\t\t\t\t\t\t\t\t\t\t\t\t\t<span class=\"subtitle\">Zalety Animaleen<\/span>\n\t\t\t\t\t\t\t\t\t\t\t\t\t\t\t\t\t\t<h2 class=\"title title--28\">Pies i kot<\/h2>\n\t\t\t\t\t\t\t\t\t<div class=\"txt\"><p class=\"p1\">Kwasy Omega 3 ALA s\u0105 niezb\u0119dnymi kwasami, poniewa\u017c nie s\u0105 produkowane przez organizm, a musz\u0105 by\u0107 cz\u0119\u015bci\u0105 diety zwierz\u0105t. Rodzina kwas\u00f3w t\u0142uszczowych Omega 3 jest konwertowana na \u017c\u0105danie i w wymaganej ilo\u015bci w ich formy pochodne, EPA, a nast\u0119pnie DHA. Kwasy Omega-3 maj\u0105 niezwykle korzystny wp\u0142yw na organizm zwierz\u0105t, zar\u00f3wno m\u0142odych, jak i tych starszych.<\/p>\n<\/div>\n\t\t\t\t\t\t\t\t\t\t\t\t\t\t\t\t\t<\/div>\n\t\t\t\t\t\t\t<\/div>\n\t\t\t\t\t\t<\/div>\n\n\t\t\t\t\t\n\t\t\t\t\t\n\t\t\t\t\t\t\t<\/div>\n\t\t<\/div>\n\n\t\n\n<\/section><section id=\"\" class=\"headline-text acf-block acf-block-id-block_4086b5040f83147d9452d695bf4c84e0  acf-block--desktop-pt-50 acf-block--desktop-pb-50 acf-block--mobile-pt-25 acf-block--mobile-pb-25\">\n\n\t<div class=\"container\">\n\t\t<div class=\"row\">\n\t\t\t<div\n\t\t\t\tclass=\"col-12 col-lg-10\">\n\t\t\t\t<div class=\"headline-text__wrapper\">\n\t\t\t\t\t\t\t\t\t\t<h1 class=\"title title--28\">Kwasy t\u0142uszczowe Omega-3 s\u0105 stosowane wspomagaj\u0105co w leczeniu wielu schorze\u0144 i chor\u00f3b u zwierz\u0105t.<\/h1>\n\t\t\t\t\t<div class=\"txt\"><ul>\n<li class=\"ql-rendered-ordered-list\" data-block-id=\"block-a78eb8d4-fd86-4960-9936-a4f3ef14014e\"><strong>Kwasy Omega-3 wspieraj\u0105 funkcje serca u ps\u00f3w.<\/strong> Badania kliniczne na psach cierpi\u0105cych na choroby serca wykaza\u0142y, \u017ce kwasy omega-3 maj\u0105 bardzo pozytywny wp\u0142yw na funkcje mi\u0119\u015bnia sercowego, takich jak arytmie komorowe i migotanie przedsionk\u00f3w. Stwierdzono, \u017ce zwierz\u0119ta otrzymuj\u0105ce kwasy omega wykazywa\u0142y og\u00f3ln\u0105 popraw\u0119 parametr\u00f3w fizjologicznych serca.<\/li>\n<li class=\"ql-rendered-ordered-list\" data-block-id=\"block-406cb842-34c2-4c19-a45a-aaf5332cc014\"><strong>Omega-3 dla zdrowych staw\u00f3w u ps\u00f3w i kot\u00f3w.<\/strong> Kwasy te mog\u0105 znacz\u0105co poprawi\u0107 kondycj\u0119 ps\u00f3w i kot\u00f3w zmagaj\u0105cych si\u0119 ze zwyrodnieniami staw\u00f3w przy jednoczesnym zmniejszeniu dawki przyjmowanych przez zwierz\u0119ta lek\u00f3w przeciwb\u00f3lowych i przeciwzapalnych. Ponadto doskonale sprawdza si\u0119 r\u00f3wnie\u017c w profilaktyce osteoporozy. Dzieje si\u0119 tak dlatego, \u017ce wp\u0142ywa na wzrost poziomu wapnia w tkance kostnej.<\/li>\n<li class=\"ql-rendered-ordered-list\" data-block-id=\"block-a229921c-ce57-4fac-9b5a-9afb4221f57f\"><strong>Wsparcie przeciwzapalne i zdrowa mikroflora jelita.<\/strong> Wspomagaj\u0105 leczenie stan\u00f3w zapalnych i zapobiegaj\u0105 ich rozwojowi. S\u0105 kluczowe dla mikroflory jelitowej. Kwasy te s\u0105 cennym \u017ar\u00f3d\u0142em energii i maj\u0105 w\u0142a\u015bciwo\u015bci przeciwzapalne, co czyni je szczeg\u00f3lnie wa\u017cnymi w post\u0119powaniu \u017cywieniowym zwierz\u0105t z zaburzeniami \u017co\u0142\u0105dkowo-jelitowymi.<\/li>\n<li class=\"ql-rendered-ordered-list\" data-block-id=\"block-321d0834-9486-45c8-9f51-1b3d12d00b51\"><strong>Omega-3 na problemy sk\u00f3rne i atopi\u0119.<\/strong>Wp\u0142ywaj\u0105 pozytywnie na r\u00f3\u017cnego typu atopie i choroby sk\u00f3ry, w kt\u00f3rych przebiegu pojawia si\u0119 \u015bwi\u0105d sk\u00f3ry. Po wzbogaceniu diety u zwierz\u0105t cierpi\u0105cych na te choroby zaobserwowano znaczn\u0105 popraw\u0119 stanu sk\u00f3ry i sier\u015bci oraz zmniejszenie \u015bwi\u0105du.<\/li>\n<li class=\"ql-rendered-ordered-list\" data-block-id=\"block-ddaa7598-fcf2-42a3-90b1-f318643aba81\"><strong>Kwasy Omega-3 kluczowe w rozwoju m\u0142odych zwierz\u0105t.<\/strong> Wielonienasycone kwasy t\u0142uszczowe s\u0105 przydatne od wczesnego \u017cycia p\u0142odowego u zwierz\u0105t. S\u0105 zatem wa\u017cne w \u017cywieniu ci\u0119\u017carnych i karmi\u0105cych suk, kotek, koci\u0105t i szczeni\u0105t. Badania potwierdzaj\u0105, \u017ce kwasy omega s\u0105niezb\u0119dne do prawid\u0142owego rozwoju uk\u0142adu nerwowego i wzroku u m\u0142odych.<\/li>\n<li class=\"ql-rendered-ordered-list\" data-block-id=\"block-53ae519a-4a51-437e-baea-6ec6f709332f\"><strong>Omega-3 obni\u017ca cholesterol i chroni kom\u00f3rki.<\/strong> Kwasy wielonienasycone s\u0105 sk\u0142adnikami kom\u00f3rek i fosfolipid\u00f3w b\u0142on kom\u00f3rkowych. Kwasy te odgrywaj\u0105 bardzo wa\u017cn\u0105 rol\u0119 w transporcie i metabolizmie cholesterolu w organizmie zwierz\u0119cia, obni\u017caj\u0105c tym samym poziom cholesterolu w osoczu i obni\u017caj\u0105c ci\u015bnienie krwi. Wiele bada\u0144 wykaza\u0142o r\u00f3wnie\u017c, \u017ce kwasy wielonienasycone maj\u0105 w\u0142a\u015bciwo\u015bci przeciwnowotworowe. Kwasy omega-3 s\u0105 r\u00f3wnie\u017c powszechnie stosowane w diecie zwierz\u0105t cierpi\u0105cych na niewydolno\u015b\u0107 nerek.<\/li>\n<li class=\"ql-rendered-ordered-list\" data-block-id=\"block-2234fbde-409a-4033-9f46-81ddf93b197c\"><strong>Wspomaganie zdrowia starszych zwierz\u0105t.<\/strong> Omega 3 to kwas, kt\u00f3ry ma r\u00f3wnie\u017c bardzo pozytywny wp\u0142yw na funkcjonowanie organizmu starszych zwierz\u0105t. Posiadaj\u0105 w\u0142a\u015bciwo\u015bci hamuj\u0105ce apoptoz\u0119 neuron\u00f3w w chorobach neurodegeneracyjnych oraz procesach zwi\u0105zanych z og\u00f3lnym starzeniem si\u0119 organizmu. Z bada\u0144 wynika r\u00f3wnie\u017c, \u017ce niedob\u00f3r kwas\u00f3w omega-3 w diecie ps\u00f3w i kot\u00f3w mo\u017ce wi\u0105za\u0107 si\u0119 ze zmniejszon\u0105 odporno\u015bci\u0105 na stres i zwi\u0119kszon\u0105 sk\u0142onno\u015bci\u0105 do zachowa\u0144 agresywnych.<\/li>\n<\/ul>\n<\/div>\n\t\t\t\t\t\t\t\t\t<\/div>\n\t\t\t<\/div>\n\t\t<\/div>\n\t<\/div>\n\n<\/section><section id=\"\" class=\"oval acf-block acf-block-id-block_3fe76a03db202ac1a155d06775abd03f  acf-block--desktop-pt-120 acf-block--desktop-pb-120 acf-block--mobile-pt-30 acf-block--mobile-pb-80\">\n\n\t<div class=\"container image-container\">\n\t\t<div class=\"row\">\n\t\t\t<div class=\"col-12 col-flex\">\n\t\t\t\t<div class=\"oval__oval\" data-bubbles-count=\"8\">\n\t\t\t\t\t<div class=\"oval__central\">\n\t\t\t\t\t\t<div class=\"oval__img\">\n\t\t\t\t\t\t\t<img decoding=\"async\" src=\"\" alt=\"\"\n\t\t\t\t\t\t\t\t srcset=\" 1x,  2x\">\n\t\t\t\t\t\t<\/div>\n\t\t\t\t\t\t<p class=\"oval__desc\">Sprawd\u017a cechy produktu<\/p>\n\t\t\t\t\t<\/div>\n\n\t\t\t\t\t\t\t\t\t\t\t<div class=\"plus plus-1 active\" tabindex=\"1\">\n\t\t\t\t\t\t\t<p>Utrzymuje si\u0119 w organizmie do 24h<\/p>\n\t\t\t\t\t\t\t<i>1<\/i>\n\t\t\t\t\t\t<\/div>\n\t\t\t\t\t\t\t\t\t\t\t<div class=\"plus plus-2\" tabindex=\"1\">\n\t\t\t\t\t\t\t<p>Brak toksyczno\u015bci<\/p>\n\t\t\t\t\t\t\t<i>2<\/i>\n\t\t\t\t\t\t<\/div>\n\t\t\t\t\t\t\t\t\t\t\t<div class=\"plus plus-3\" tabindex=\"1\">\n\t\t\t\t\t\t\t<p>Poprawa funkcji oddechowych<\/p>\n\t\t\t\t\t\t\t<i>3<\/i>\n\t\t\t\t\t\t<\/div>\n\t\t\t\t\t\t\t\t\t\t\t<div class=\"plus plus-4\" tabindex=\"1\">\n\t\t\t\t\t\t\t<p>Wykazuje ochronne dzia\u0142anie nerek<\/p>\n\t\t\t\t\t\t\t<i>4<\/i>\n\t\t\t\t\t\t<\/div>\n\t\t\t\t\t\t\t\t\t\t\t<div class=\"plus plus-5\" tabindex=\"1\">\n\t\t\t\t\t\t\t<p>W\u0142a\u015bciwo\u015bci przeciwzapalne<\/p>\n\t\t\t\t\t\t\t<i>5<\/i>\n\t\t\t\t\t\t<\/div>\n\t\t\t\t\t\t\t\t\t\t\t<div class=\"plus plus-6\" tabindex=\"1\">\n\t\t\t\t\t\t\t<p>\u0141atwe podanie<\/p>\n\t\t\t\t\t\t\t<i>6<\/i>\n\t\t\t\t\t\t<\/div>\n\t\t\t\t\t\t\t\t\t\t\t<div class=\"plus plus-7\" tabindex=\"1\">\n\t\t\t\t\t\t\t<p>Poprawa jako\u015bci sk\u00f3ry i sier\u015bci<\/p>\n\t\t\t\t\t\t\t<i>7<\/i>\n\t\t\t\t\t\t<\/div>\n\t\t\t\t\t\t\t\t\t\t\t<div class=\"plus plus-8\" tabindex=\"1\">\n\t\t\t\t\t\t\t<p>Brak mo\u017cliwo\u015bci przedawkowania<\/p>\n\t\t\t\t\t\t\t<i>8<\/i>\n\t\t\t\t\t\t<\/div>\n\t\t\t\t\t\t\t\t\t<\/div>\n\t\t\t<\/div>\n\t\t<\/div>\n\t<\/div>\n\n\n<\/section>","protected":false},"excerpt":{"rendered":"","protected":false},"author":1,"featured_media":0,"parent":0,"menu_order":0,"comment_status":"closed","ping_status":"closed","template":"","meta":{"_acf_changed":false,"footnotes":""},"class_list":["post-34","page","type-page","status-publish","hentry"],"acf":[],"_links":{"self":[{"href":"https:\/\/www.animaleen.eu\/pl\/wp-json\/wp\/v2\/pages\/34"}],"collection":[{"href":"https:\/\/www.animaleen.eu\/pl\/wp-json\/wp\/v2\/pages"}],"about":[{"href":"https:\/\/www.animaleen.eu\/pl\/wp-json\/wp\/v2\/types\/page"}],"author":[{"embeddable":true,"href":"https:\/\/www.animaleen.eu\/pl\/wp-json\/wp\/v2\/users\/1"}],"replies":[{"embeddable":true,"href":"https:\/\/www.animaleen.eu\/pl\/wp-json\/wp\/v2\/comments?post=34"}],"version-history":[{"count":3,"href":"https:\/\/www.animaleen.eu\/pl\/wp-json\/wp\/v2\/pages\/34\/revisions"}],"predecessor-version":[{"id":1310,"href":"https:\/\/www.animaleen.eu\/pl\/wp-json\/wp\/v2\/pages\/34\/revisions\/1310"}],"wp:attachment":[{"href":"https:\/\/www.animaleen.eu\/pl\/wp-json\/wp\/v2\/media?parent=34"}],"curies":[{"name":"wp","href":"https:\/\/api.w.org\/{rel}","templated":true}]}}