{"id":3,"date":"2022-10-04T21:26:59","date_gmt":"2022-10-04T19:26:59","guid":{"rendered":"https:\/\/leenvit.pl\/?page_id=3"},"modified":"2024-11-08T17:36:41","modified_gmt":"2024-11-08T16:36:41","slug":"polityka-prywatnosci","status":"publish","type":"page","link":"https:\/\/www.animaleen.eu\/pl\/polityka-prywatnosci\/","title":{"rendered":"Polityka prywatno\u015bci"},"content":{"rendered":"<h1 class=\"wp-block-heading\" style=\"text-align: center;\"><strong>Polityka prywatno\u015bci oraz \u201ecookies\u201d serwisu www.leenvit.com<\/strong><\/h1>\n<p style=\"text-align: center;\"><strong> \u00a71<\/strong><\/p>\n<h2><strong>Polityka prywatno\u015bci<\/strong><\/h2>\n<ol>\n<li>Niniejszy dokument okre\u015bla zasady Polityki prywatno\u015bci w Sklepie internetowym (dalej jako \u201eSklep Internetowy\u201d). Administratorem Sklepu internetowego jest Terona Marcin Kadula z siedzib\u0105 w Jaworznie przy ul. G\u00f3rnej 1, kod pocztowy 43-600, wpisany do Centralnej Ewidencji i Informacji o Dzia\u0142alno\u015bci Gospodarczej (CEIDG) prowadzonej przez ministra w\u0142a\u015bciwego ds. gospodarki, NIP: 6321793266, REGON: 278036040.<\/li>\n<li>W sprawie Twoich danych osobowych mo\u017cesz skontaktowa\u0107 si\u0119 z Administratorem danych osobowych za pomoc\u0105:\n<ol>\n<li>poczty elektronicznej info@leenvit.com<\/li>\n<li>poczty tradycyjnej \u2013 ul. G\u00f3rna 1, 43-600 Jaworzno<\/li>\n<li>formularza kontaktowego, kt\u00f3ry mo\u017cesz znale\u017a\u0107 pod adresem http:\/\/leenvit.com\/kontakt<\/li>\n<li>telefonu 600 811 600<\/li>\n<\/ol>\n<\/li>\n<li>Wyrazy u\u017cyte z du\u017cej litery maj\u0105 znaczenie nadane im w regulaminie niniejszego Sklepu Internetowego.<\/li>\n<li>Dane osobowe zbierane przez Administratora Sklepu Internetowego s\u0105 przetwarzane zgodnie z przepisami Rozporz\u0105dzenia Parlamentu Europejskiego i Rady (UE) 2016\/679 z 27.04.2016 r. w sprawie ochrony os\u00f3b fizycznych w zwi\u0105zku z przetwarzaniem danych osobowych i w sprawie swobodnego przep\u0142ywu takich danych oraz uchylenia dyrektywy 95\/46\/WE (og\u00f3lne rozporz\u0105dzenie o ochronie danych) (Dz. Urz. UE L 119, s. 1), zwanego dalej: RODO.<\/li>\n<li>Administrator Sklepu internetowego dok\u0142ada szczeg\u00f3lnych stara\u0144 w celu ochrony prywatno\u015bci i informacji mu przekazanych, a dotycz\u0105cych Klient\u00f3w Sklepu internetowego. Administrator z nale\u017cyt\u0105 staranno\u015bci\u0105 dobiera i stosuje odpowiednie \u015brodki techniczne, w tym o charakterze programistycznym i organizacyjnym, zapewniaj\u0105ce ochron\u0119 przetwarzanych danych, w szczeg\u00f3lno\u015bci zabezpiecza dane przed ich udost\u0119pnieniem osobom nieupowa\u017cnionym, ujawnieniem, utraceniem i zniszczeniem, nieuprawnion\u0105 modyfikacj\u0105, jak r\u00f3wnie\u017c przed ich przetwarzaniem z naruszeniem obowi\u0105zuj\u0105cych przepis\u00f3w prawa.3. W trosce o bezpiecze\u0144stwo powierzonych nam danych opracowali\u015bmy wewn\u0119trzne procedury i zalecenia, kt\u00f3re maj\u0105 zapobiec udost\u0119pnieniu danych osobom nieupowa\u017cnionym. Kontrolujemy ich wykonywanie i stale sprawdzamy ich zgodno\u015b\u0107 z odpowiednimi aktami prawnymi &#8211; ustaw\u0105 o ochronie danych osobowych, ustaw\u0105 o \u015bwiadczeniu us\u0142ug drog\u0105 elektroniczn\u0105, a tak\u017ce wszelkiego rodzaju aktach wykonawczych i aktach prawa wsp\u00f3lnotowego.<\/li>\n<li>Podanie przez Ciebie wymaganych danych osobowych jest dobrowolne i stanowi warunek \u015bwiadczenia us\u0142ug przez Administratora danych osobowych za po\u015brednictwem Sklepu internetowego.<\/li>\n<li>Administrator danych osobowych przetwarza Twoje dane osobowe w nast\u0119puj\u0105cych celach i zakresie:\n<ol>\n<li>podj\u0119cia dzia\u0142a\u0144 przed zawarciem umowy na Twoje \u017c\u0105danie (np. za\u0142o\u017cenie konta), tj. dane podane w formularzu rejestracyjnym w Sklepie internetowym,<\/li>\n<li>w celu \u015bwiadczenia Us\u0142ug niewymagaj\u0105cych za\u0142o\u017cenia Konta i zakupu Towaru, tj. przegl\u0105danie stron www Sklepu Internetowego, wyszukiwarka Towar\u00f3w, przetwarzamy dane osobowe dotycz\u0105ce Twojej aktywno\u015bci w Sklepie internetowym, tzn. dane dotycz\u0105ce przegl\u0105danych przez Ciebie Towar\u00f3w, dane dotycz\u0105ce sesji Twojego urz\u0105dzenia, systemu operacyjnego, przegl\u0105darki, lokalizacji oraz unikalnego ID, adres IP,<\/li>\n<li>w celu wykonania umowy sprzeda\u017cy Towar\u00f3w (np. dor\u0119czenia zam\u00f3wionych Towar\u00f3w), przetwarzamy dane osobowe podane przez Ciebie przy zakupie Towar\u00f3w, takie jak imi\u0119 i nazwisko, adres e-mail, dane adresowe, dane dotycz\u0105ce p\u0142atno\u015bci, a je\u017celi dokonujesz zakupu za po\u015brednictwem Konta, dodatkowo ustanowione has\u0142o,<\/li>\n<li>w celu statystyk korzystania z poszczeg\u00f3lnych funkcjonalno\u015bci dost\u0119pnych w Sklepie internetowym, u\u0142atwienia korzystania ze Sklepu internetowego oraz zapewnienia bezpiecze\u0144stwa informatycznego Sklepu internetowego, przetwarzamy dane osobowe dotycz\u0105ce Twojej aktywno\u015bci w Sklepie Internetowym oraz ilo\u015bci czasu sp\u0119dzanego na ka\u017cdej z podstron w Sklepie internetowym, Twojej historii wyszukiwania, lokalizacji, adresie IP, ID urz\u0105dzenia, danych dotycz\u0105cych Twojej przegl\u0105darki internetowej oraz systemu operacyjnego,<\/li>\n<li>w celu ustalenia, dochodzenia i egzekucji roszcze\u0144 oraz obrony przed roszczeniami w post\u0119powaniu s\u0105dowym i innymi organami egzekucyjnymi, mo\u017cemy przetwarza\u0107 Twoje dane osobowe podane przy zakupie Towar\u00f3w lub za\u0142o\u017ceniu Konta oraz inne dane niezb\u0119dne do udowodnienia istnienia roszczenia lub kt\u00f3re wynikaj\u0105 z wymogu prawnego, nakazu s\u0105dowego lub innej procedury prawnej,<\/li>\n<li>w celu rozpatrywania reklamacji, skarg i wniosk\u00f3w oraz odpowiedzi na pytania Klient\u00f3w, przetwarzamy podane przez Ciebie dane osobowe w formularzu kontaktowym, reklamacjach skargach i wnioskach, czy w celu udzielenia odpowiedzi na pytania zawarte w innej formie oraz niekt\u00f3re dane osobowe podane przez Ciebie w Koncie, jak r\u00f3wnie\u017c dane dotycz\u0105ce zam\u00f3wienia Towaru i innych \u015bwiadczonych przez nas Us\u0142ug b\u0119d\u0105ce przyczyn\u0105 reklamacji, skargi czy wniosku oraz dane zawarte w dokumentach do\u0142\u0105czonych do reklamacji, skarg i wniosk\u00f3w,<\/li>\n<li>w celu marketingu naszych Towar\u00f3w i Us\u0142ug oraz naszych klient\u00f3w i partner\u00f3w, w tym remarketingu, w tym celu przetwarzamy dane osobowe podane przez Ciebie przy utworzeniu Konta i jego aktualizacji, dane dotycz\u0105ce Twojej aktywno\u015bci w Sklepie internetowym w tym zam\u00f3wie\u0144, kt\u00f3re s\u0105 rejestrowane i przechowywane za po\u015brednictwem plik\u00f3w cookies, a w szczeg\u00f3lno\u015bci historia zam\u00f3wie\u0144, historia wyszukiwani, klikni\u0119cia w Sklepie internetowym, daty logowania i rejestracji, historia i Twoja aktywno\u015b\u0107 zwi\u0105zana z nasz\u0105 komunikacj\u0105 z Tob\u0105. W przypadku remarketingu, wykorzystujemy dane o Twojej aktywno\u015bci w celu dotarcia do Ciebie z naszymi komunikatami marketingowymi poza Sklepem internetowym i korzystamy w tym celu z us\u0142ug zewn\u0119trznych dostawc\u00f3w. Us\u0142ugi te polegaj\u0105 na wy\u015bwietlaniu naszych komunikat\u00f3w na stronach internetowych innych ni\u017c Sklepu internetowego. Szczeg\u00f3\u0142y na ten temat znajdziesz w zapisach dotycz\u0105cych Plik\u00f3w cookies.<\/li>\n<\/ol>\n<\/li>\n<li>Dane osobowe b\u0119d\u0105 przetwarzane przez okres niezb\u0119dny do realizacji zam\u00f3wie\u0144, us\u0142ug, dzia\u0142a\u0144 marketingowych oraz innych us\u0142ug wykonywanych dla Klienta. Dane osobowe b\u0119d\u0105 usuni\u0119te w nast\u0119puj\u0105cych przypadkach:\n<ol>\n<li>kiedy osoba, kt\u00f3rej dane dotycz\u0105 zwr\u00f3ci si\u0119 o ich usuni\u0119cie lub wycofa udzielon\u0105 zgod\u0119;<\/li>\n<li>kiedy osoba, kt\u00f3rej dane dotycz\u0105 nie podejmuje dzia\u0142a\u0144 przez ponad 10 lat (kontakt nieaktywny);<\/li>\n<li>po uzyskaniu informacji, \u017ce przechowywane dane s\u0105 nieaktualne lub niedok\u0142adne.<\/li>\n<\/ol>\n<\/li>\n<li>Niekt\u00f3re dane w zakresie: adres e-mail, imi\u0119 i nazwisko, mog\u0105 by\u0107 przechowywane przez okres kolejnych 3 lat dla cel\u00f3w dowodowych, rozpatrywania reklamacji, skarg oraz roszcze\u0144 zwi\u0105zanych z us\u0142ugami \u015bwiadczonymi przez Sklep internetowy \u2013 dane te nie b\u0119d\u0105 wykorzystywane do cel\u00f3w marketingowych.<\/li>\n<li>Dane dotycz\u0105ce zam\u00f3wie\u0144 Towar\u00f3w i us\u0142ug p\u0142atnych, konkurs\u00f3w i program\u00f3w lojalno\u015bciowych b\u0119d\u0105 przechowywane przez okres 5 lat od daty dostarczenia zam\u00f3wienia.<\/li>\n<li>Dane dotycz\u0105ce Klient\u00f3w niezalogowanych przechowujemy przez czas odpowiadaj\u0105cy cyklowi \u017cycia zapisanych na urz\u0105dzeniach plik\u00f3w cookies lub do czasu ich usuni\u0119cia w urz\u0105dzeniu Klienta przez Klienta.<\/li>\n<li>Sklep internetowy ma prawo, a tak\u017ce ustawowy obowi\u0105zek do przekazania informacji dotycz\u0105cych Klient\u00f3w Sklepu internetowego organom w\u0142adzy publicznej (tj. GIODO, organy \u015bcigania) np. w zwi\u0105zku z prowadzeniem post\u0119powa\u0144 o mo\u017cliwe naruszenia prawa lub podmiotom trzecim, kt\u00f3re zg\u0142osz\u0105 takie \u017c\u0105danie na podstawie obowi\u0105zuj\u0105cych przepis\u00f3w prawa polskiego.<\/li>\n<li>Celem zapewnienia odpowiedniej organizacji, obs\u0142ugi i wykonywania um\u00f3w Pa\u0144stwa dane osobowe mog\u0105 by\u0107 przekazywane nast\u0119puj\u0105cym kategoriom odbiorc\u00f3w:\n<ol>\n<li>dostawcom us\u0142ug zaopatruj\u0105cych Sklep internetowy w rozwi\u0105zania techniczne lub organizacyjne, umo\u017cliwiaj\u0105ce sprzeda\u017c lub us\u0142ugi na Pa\u0144stwa rzecz, lub zarz\u0105dzanie organizacj\u0105 (w szczeg\u00f3lno\u015bci dostawcom us\u0142ug teleinformatycznych, firmom kurierskim lub pocztowym, firmom po\u015brednicz\u0105cym w p\u0142atno\u015bciach)<\/li>\n<li>dostawcom us\u0142ug prawnych, doradczych i marketingowych oraz wspieraj\u0105cych Administratora w dochodzeniu nale\u017cnych roszcze\u0144 (w szczeg\u00f3lno\u015bci kancelariom prawnym, firmom windykacyjnym),<\/li>\n<li>dostawcom us\u0142ug ksi\u0119gowych celem realizacji obowi\u0105zk\u00f3w w zakresie rachunkowo\u015bci,<\/li>\n<\/ol>\n<\/li>\n<li>Na podstawie RODO masz prawo do:\n<ol>\n<li>\u017c\u0105dania dost\u0119pu do swoich danych osobowych;<\/li>\n<li>\u017c\u0105dania sprostowania swoich danych osobowych;<\/li>\n<li>\u017c\u0105dania usuni\u0119cia swoich danych osobowych;<\/li>\n<li>\u017c\u0105dania ograniczenia przetwarzania danych osobowych;<\/li>\n<li>wniesienia sprzeciwu wobec przetwarzania danych osobowych;<\/li>\n<li>\u017c\u0105dania przenoszenia danych osobowych.<\/li>\n<\/ol>\n<\/li>\n<li>Administrator danych osobowych bez zb\u0119dnej zw\u0142oki \u2013 a w ka\u017cdym razie w terminie miesi\u0105ca od otrzymania \u017c\u0105dania \u2013 udziela Ci informacji o dzia\u0142aniach podj\u0119tych w zwi\u0105zku ze zg\u0142oszonym przez Ciebie \u017c\u0105daniem. W razie potrzeby termin miesi\u0119czny mo\u017ce by\u0107 przed\u0142u\u017cony o kolejne dwa miesi\u0105ce z uwagi na skomplikowany charakter \u017c\u0105dania lub liczb\u0119 \u017c\u0105da\u0144.<\/li>\n<li>W ka\u017cdym wypadku Administrator danych osobowych poinformuje Ci\u0119 o takim przed\u0142u\u017ceniu w terminie miesi\u0105ca od otrzymania \u017c\u0105dania z podaniem przyczyn op\u00f3\u017anienia.<\/li>\n<li>Pe\u0142na tre\u015b\u0107 Rozporz\u0105dzenia Parlamentu Europejskiego i Rady (UE) 2016\/679 z dnia 27 kwietnia 2016 r. w sprawie ochrony os\u00f3b fizycznych w zwi\u0105zku z przetwarzaniem danych osobowych i w sprawie swobodnego przep\u0142ywu takich danych oraz uchylenia dyrektywy 95\/46\/WE dost\u0119pny jest pod tym linkiem &#8211; <a href=\"https:\/\/www.uodo.gov.pl\/pl\/131\/224\">https:\/\/www.uodo.gov.pl\/pl\/131\/224<\/a><\/li>\n<li>W sprawach nieuregulowanych regulaminem zastosowanie maj\u0105 postanowienia Kodeksu cywilnego i odpowiednich ustaw prawa polskiego, a tak\u017ce prawa Unii Europejskiej, w szczeg\u00f3lno\u015bci RODO (Rozporz\u0105dzenie Parlamentu Europejskiego i Rady (UE) 2016\/679 z dnia 27 kwietnia 2016 r. w sprawie ochrony os\u00f3b fizycznych w zwi\u0105zku z przetwarzaniem danych osobowych i w sprawie swobodnego przep\u0142ywu takich danych oraz uchylenia dyrektywy 95\/46\/WE).<\/li>\n<\/ol>\n<p><strong> <\/strong><\/p>\n<p style=\"text-align: center;\"><strong>\u00a72<\/strong><\/p>\n<h2><strong>Polityka \u201ecookies\u201d<\/strong><\/h2>\n<ol>\n<li>Podczas przegl\u0105dania stron internetowych Sklepu internetowego s\u0105 u\u017cywane pliki \u201ecookies\u201d, zwane dalej Cookies, czyli niewielkie informacje tekstowe, kt\u00f3re s\u0105 zapisywane w Twoim urz\u0105dzeniu ko\u0144cowym w zwi\u0105zku korzystaniem ze Sklepu internetowego. Ich stosowanie ma na celu poprawne dzia\u0142anie stron internetowych Sklepu Internetowego.<\/li>\n<li>Pliki te pozwalaj\u0105 zidentyfikowa\u0107 oprogramowanie wykorzystywane przez Ciebie i dostosowa\u0107 Sklep internetowy indywidualnie do Twoich potrzeb.<\/li>\n<li>Pliki \u201ecookies\u201d zazwyczaj zawieraj\u0105 nazw\u0119 domeny, z kt\u00f3rej pochodz\u0105, czas przechowywania ich na urz\u0105dzeniu oraz przypisan\u0105 warto\u015b\u0107.<\/li>\n<li>Stosowane przez nas pliki \u201ecookies\u201d s\u0105 bezpieczne dla Twoich urz\u0105dze\u0144. W szczeg\u00f3lno\u015bci nie jest mo\u017cliwe przedostanie si\u0119 do Twoich urz\u0105dze\u0144 poprzez pliki \u201ecookies\u201d wirus\u00f3w lub innego niechcianego oprogramowania lub oprogramowania z\u0142o\u015bliwego.<\/li>\n<li>Stosujemy dwa rodzaje plik\u00f3w cookies:\n<ol>\n<li>Cookies sesyjne: s\u0105 przechowywane na Twoim urz\u0105dzeniu i pozostaj\u0105 tam do momentu zako\u0144czenia sesji danej przegl\u0105darki. Zapisane informacje s\u0105 w\u00f3wczas trwale usuwane z pami\u0119ci Twojego urz\u0105dzenia. Mechanizm cookies sesyjnych nie pozwala na pobieranie jakichkolwiek danych osobowych ani \u017cadnych informacji poufnych z Twojego urz\u0105dzenia.<\/li>\n<li>Cookies trwa\u0142e: s\u0105 przechowywane na Twoim urz\u0105dzeniu i pozostaj\u0105 tam do momentu ich skasowania. Zako\u0144czenie sesji danej przegl\u0105darki lub wy\u0142\u0105czenie urz\u0105dzenia nie powoduje ich usuni\u0119cia z Twojego urz\u0105dzenia. Mechanizm cookies trwa\u0142ych nie pozwala na pobieranie jakichkolwiek danych osobowych ani \u017cadnych informacji poufnych z Twojego urz\u0105dzenia.<\/li>\n<\/ol>\n<\/li>\n<li>Pliki \u201ecookies\u201d wykorzystujemy tak\u017ce na rzecz podmiot\u00f3w zewn\u0119trznych w nast\u0119puj\u0105cych celach:\n<ol>\n<li>tworzenia statystyk \u2013 pomagaj\u0105cych zrozumie\u0107 spos\u00f3b korzystania przez Klient\u00f3w ze Sklepu Internetowego, co umo\u017cliwia ulepszanie jego struktury i zawarto\u015bci za po\u015brednictwem narz\u0119dzi analitycznych Google Analytics \u2013 przez Google Inc. z siedzib\u0105 w USA,<\/li>\n<li>okre\u015blania profilu Klient\u00f3w \u2013 a nast\u0119pnie wy\u015bwietlania dopasowanych pod jego k\u0105tem materia\u0142\u00f3w w sieciach reklamowych, z wykorzystaniem narz\u0119dzia internetowej reklamy Google AdSense oraz Google Adwords \u2013 przez Google Inc. z siedzib\u0105 w USA,<\/li>\n<\/ol>\n<\/li>\n<li>Aby pozna\u0107 zasady korzystania z Cookies, zalecamy zapoznanie si\u0119 politykami prywatno\u015bci wy\u017cej wskazanych firm.<\/li>\n<li>Cookies mog\u0105 by\u0107 wykorzystane przez sieci reklamowe, w szczeg\u00f3lno\u015bci sie\u0107 Google, do wy\u015bwietlenia reklam dopasowanych do Twoich preferencji. W tym celu mog\u0105 zosta\u0107 zachowane informacje o sposobie poruszania si\u0119 przez Ciebie w sieci lub czasie skorzystania ze strony internetowej.<\/li>\n<li>Aby przegl\u0105da\u0107 i edytowa\u0107 informacje o Twoich preferencjach, gromadzonych przez sie\u0107 reklamow\u0105 Google, mo\u017cesz skorzysta\u0107 z narz\u0119dzia zamieszczonego pod linkiem https:\/\/www.google.com\/ads\/preferences\/.<\/li>\n<li>Za pomoc\u0105 ustawie\u0144 przegl\u0105darki internetowej lub za pomoc\u0105 konfiguracji us\u0142ugi, mo\u017cesz samodzielnie i w ka\u017cdym czasie zmieni\u0107 ustawienia dotycz\u0105ce Cookies, okre\u015blaj\u0105c warunki ich przechowywania i uzyskiwania dost\u0119pu przez Cookies do Twojego urz\u0105dzenia. Ustawienia te mo\u017cesz zmieni\u0107 tak, aby blokowa\u0107 automatyczn\u0105 obs\u0142ug\u0119 Cookies w ustawieniach przegl\u0105darki internetowej b\u0105d\u017a informowa\u0107 o ich ka\u017cdorazowym zamieszczeniu na Twoim urz\u0105dzeniu. Szczeg\u00f3\u0142owe informacje o mo\u017cliwo\u015bci i sposobach obs\u0142ugi Cookies dost\u0119pne s\u0105 w ustawieniach Twojego oprogramowania (przegl\u0105darki internetowej).<\/li>\n<\/ol>\n<p>&nbsp;<\/p>\n<p style=\"text-align: center;\"><strong> \u00a73<\/strong><\/p>\n<h2><strong>Twisto<\/strong><\/h2>\n<ol>\n<li>W zwi\u0105zku z wej\u015bciem w \u017cycie i konieczno\u015bci\u0105 stosowania Rozporz\u0105dzenia Parlamentu Europejskiego i Rady (UE) 2016\/679 z dnia 27 kwietnia 2016 r. w sprawie ochrony os\u00f3b fizycznych w zwi\u0105zku z przetwarzaniem danych osobowych i w sprawie swobodnego przep\u0142ywu takich danych oraz uchylenia dyrektywy 95\/46\/WE (og\u00f3lne rozporz\u0105dzenie o ochronie danych) (zwanego dalej \u201eRozporz\u0105dzeniem\u201d) Terona Marcin Kadula z siedzib\u0105 w Jaworznie przy ul. G\u00f3rnej 1, kod pocztowy 43-600, (zwany dalej tak\u017ce: \u201eSklepem Internetowym\u201d) b\u0119d\u0105ca w\u0142a\u015bcicielem domeny internetowej  https:\/\/leenvit.com\/pl\/sklep\/   przedstawia poni\u017csze informacje dotycz\u0105ce zasad przetwarzania Pani\u0105\/Pana danych osobowych.<\/li>\n<li>Sklep internetowy przetwarza Pani\/Pana dane osobowe w nast\u0119puj\u0105cych celach:\n<ol>\n<li>przekazania Pani\/Pana danych osobowych do ING Banku \u015al\u0105skiego S.A. (\u201eBank\u201d) w zwi\u0105zku z:\n<ul>\n<li>\u015bwiadczeniem przez Bank na rzecz Sklepu internetowego us\u0142ugi udost\u0119pnienia infrastruktury do obs\u0142ugi p\u0142atno\u015bci przez Internet (podstawa prawna: art. 6 ust. 1 lit. f) Rozporz\u0105dzenia)<\/li>\n<li>obs\u0142ug\u0105 i rozliczaniem przez Bank p\u0142atno\u015bci dokonywanych przez klient\u00f3w Sklepu internetowego przez Internet przy u\u017cyciu instrument\u00f3w p\u0142atniczych (podstawa prawna: art. 6 ust. 1 lit. f) Rozporz\u0105dzenia).<\/li>\n<li>w celu weryfikacji przez Bank nale\u017cytego wykonania um\u00f3w zawartych ze Sklepem internetowym, w szczeg\u00f3lno\u015bci zapewnienia ochrony interes\u00f3w p\u0142atnik\u00f3w w zwi\u0105zku ze sk\u0142adanymi przez nich reklamacjami (podstawa prawna:  6 ust. 1 lit. f) Rozporz\u0105dzenia).<\/li>\n<\/ul>\n<\/li>\n<li>przekazania Pani\/Pana danych osobowych do Twisto Polska sp. z o.o. w zwi\u0105zku z mo\u017cliwo\u015bci\u0105 zaproponowania dokonania zap\u0142aty za nabyty towar lub us\u0142ug\u0119 przez Twisto Polska sp. z o.o. w ramach umowy zlecenia obejmuj\u0105cej formu\u0142\u0119 zakupow\u0105 \u201eKup z Twisto\u201d i udost\u0119pnieniem tej formu\u0142y zakupowej przez Sklep internetowy, a tak\u017ce celu weryfikacji przez Twisto Polska Sp. z o.o.  nale\u017cytego wykonania takich um\u00f3w zlecenie (podstawa prawna: art. 6 ust. 1 lit. f) Rozporz\u0105dzenia<\/li>\n<\/ol>\n<\/li>\n<li>W zwi\u0105zku z przetwarzaniem danych osobowych w celach okre\u015blonych w ust. 3 i 4, Pani\/Pana dane osobowe mog\u0105 zosta\u0107 udost\u0119pnione przez Sklep internetowy innym odbiorcom lub kategoriom odbiorc\u00f3w danych osobowych, kt\u00f3rymi mog\u0105 by\u0107:\n<ol>\n<li>ING Bank \u015al\u0105ski S.A.<\/li>\n<li>Twisto Polska sp. z o.o.<\/li>\n<\/ol>\n<\/li>\n<\/ol>\n<ol start=\"3\">\n<li style=\"list-style-type: none;\"> <\/li>\n<li>W przypadku, gdy podanie przez Pani\u0105\/Pana danych osobowych nast\u0119puje w celu zawarcia umowy ze Sklepem internetowym, podanie przez Pani\u0105\/Pana danych osobowych jest warunkiem zawarcia tej Umowy. Podanie danych osobowych w tej sytuacji jest dobrowolne, jednak konsekwencj\u0105 niepodania tych danych b\u0119dzie brak mo\u017cliwo\u015bci zawarcia umowy ze Sklepem internetowym.<\/li>\n<li>W przypadku, gdy podanie przez Pani\u0105\/Pana danych osobowych nast\u0119puje w celu przekazania Pani\/Pana danych osobowych do Twisto Polska sp. z o.o. przed zawarciem umowy sprzeda\u017cy towaru (lub us\u0142ugi) nabywanego w Sklepie internetowym, przekazanie tych danych jest warunkiem zawarcia umowy sprzeda\u017cy w zwi\u0105zku modelem biznesowym prowadzenia dzia\u0142alno\u015bci przyj\u0119tym przez Sklep internetowy.<\/li>\n<li>W przypadku przekazania Pani\/Pana danych osobowych do Banku w zwi\u0105zku z obs\u0142ug\u0105 i rozliczaniem p\u0142atno\u015bci dokonywanych przez Pani\u0105\/Pana p\u0142atno\u015bci na rzecz Sklepu internetowego przez Internet przy u\u017cyciu instrument\u00f3w p\u0142atniczych, podanie danych jest wymagane w celu realizacji p\u0142atno\u015bci i przekazania potwierdzenia jej dokonania przez Bank na rzecz Sklepu internetowego.<\/li>\n<li>W przypadku przekazania Pani\/Pana danych osobowych do Banku w celu weryfikacji przez Bank nale\u017cytego wykonania um\u00f3w zawartych ze Sklepem internetowym, w szczeg\u00f3lno\u015bci zapewnienia ochrony interes\u00f3w p\u0142atnik\u00f3w w zwi\u0105zku ze sk\u0142adanymi przez nich reklamacjami podanie tych danych jest wymagane w celu umo\u017cliwienia realizacji umowy zawartej pomi\u0119dzy Sklepem internetowym a Bankiem.<\/li>\n<li>W przypadku przekazania Pani\/Pana danych osobowych do Twisto Polska sp. z o.o. w zwi\u0105zku z mo\u017cliwo\u015bci\u0105 zaproponowania Pani\/Panu dokonania zap\u0142aty ceny za nabyty przez Pani\u0105\/Pana towar lub us\u0142ug\u0119 przez Twisto Polska sp. z o.o. w ramach umowy zlecenia obejmuj\u0105cej formu\u0142\u0119 zakupow\u0105 \u201eKup z Twisto\u201d i udost\u0119pnieniem tej formu\u0142y przez Sklep internetowy, podanie tych danych i przetwarzanie ich w tym celu jest wymagane w zwi\u0105zku modelem biznesowym prowadzenia dzia\u0142alno\u015bci przyj\u0119tym przez Sklep internetowy i w celu realizacji umowy zawartej pomi\u0119dzy Sklepem internetowym a Twisto Polska Sp. z o.o.<\/li>\n<\/ol>\n<p>&nbsp;<\/p>\n<p>&nbsp;<\/p>","protected":false},"excerpt":{"rendered":"<p>Polityka prywatno\u015bci oraz \u201ecookies\u201d serwisu www.leenvit.com \u00a71 Polityka prywatno\u015bci Niniejszy dokument okre\u015bla zasady Polityki prywatno\u015bci w Sklepie internetowym (dalej jako \u201eSklep Internetowy\u201d). Administratorem Sklepu internetowego jest Terona Marcin Kadula z siedzib\u0105 w Jaworznie przy ul. G\u00f3rnej 1, kod pocztowy 43-600, wpisany do Centralnej Ewidencji i Informacji o Dzia\u0142alno\u015bci Gospodarczej (CEIDG) prowadzonej przez ministra w\u0142a\u015bciwego ds. [&hellip;]<\/p>\n","protected":false},"author":1,"featured_media":0,"parent":0,"menu_order":0,"comment_status":"closed","ping_status":"open","template":"","meta":{"_acf_changed":false,"footnotes":""},"class_list":["post-3","page","type-page","status-publish","hentry"],"acf":[],"_links":{"self":[{"href":"https:\/\/www.animaleen.eu\/pl\/wp-json\/wp\/v2\/pages\/3"}],"collection":[{"href":"https:\/\/www.animaleen.eu\/pl\/wp-json\/wp\/v2\/pages"}],"about":[{"href":"https:\/\/www.animaleen.eu\/pl\/wp-json\/wp\/v2\/types\/page"}],"author":[{"embeddable":true,"href":"https:\/\/www.animaleen.eu\/pl\/wp-json\/wp\/v2\/users\/1"}],"replies":[{"embeddable":true,"href":"https:\/\/www.animaleen.eu\/pl\/wp-json\/wp\/v2\/comments?post=3"}],"version-history":[{"count":3,"href":"https:\/\/www.animaleen.eu\/pl\/wp-json\/wp\/v2\/pages\/3\/revisions"}],"predecessor-version":[{"id":1727,"href":"https:\/\/www.animaleen.eu\/pl\/wp-json\/wp\/v2\/pages\/3\/revisions\/1727"}],"wp:attachment":[{"href":"https:\/\/www.animaleen.eu\/pl\/wp-json\/wp\/v2\/media?parent=3"}],"curies":[{"name":"wp","href":"https:\/\/api.w.org\/{rel}","templated":true}]}}