{"id":28,"date":"2022-10-09T19:01:35","date_gmt":"2022-10-09T17:01:35","guid":{"rendered":"https:\/\/leenvit.pl\/?page_id=28"},"modified":"2024-10-24T16:12:23","modified_gmt":"2024-10-24T14:12:23","slug":"o-nas","status":"publish","type":"page","link":"https:\/\/www.animaleen.eu\/pl\/o-nas\/","title":{"rendered":"O nas"},"content":{"rendered":"<section id=\"\"\n\t\t class=\"about-us  acf-block acf-block-id-block_73f2f8f0db721deb7e4d0463a40caf94 bgc-img-lower acf-block--desktop-pt-80 acf-block--desktop-pb-20 acf-block--mobile-pt-60  about-us--narrow-img-mobile \">\n\n\n\t\n\n\t\t<div class=\"container\">\n\t\t\t\t\t\t<div class=\"row row-flex\">\n\t\t\t\t\t\t\t\t\t\t\t\t\t\t\t<div class=\"about-us__element\">\n\t\t\t\t\t\t\t<div class=\"col-12 col-lg-6\">\n\t\t\t\t\t\t\t\t<div class=\"about-us__wrapper\">\n\t\t\t\t\t\t\t\t\t\t\t\t\t\t\t\t\t\t\t<span class=\"subtitle\">O nas<\/span>\n\t\t\t\t\t\t\t\t\t\t\t\t\t\t\t\t\t\t<h1 class=\"title title--28\">Animaleen\u00ae &#8211; 100% naturalny<\/h1>\n\t\t\t\t\t\t\t\t\t<div class=\"txt\"><p class=\"p1\">Leenvit Group to innowacyjna polska firma dzia\u0142aj\u0105ca na rynku farmaceutycznym, suplement\u00f3w diety, \u017cywno\u015bci funkcjonalnej oraz pasz.<\/p>\n<p class=\"p1\">Jeste\u015bmy w\u0142a\u015bcicielem <strong>unikalnej na skal\u0119 \u015bwiatow\u0105, <\/strong>opatentowanej technologii izolowania z oleju lnianego czystych kwas\u00f3w omega 3,6,9 w formie monoestr\u00f3w.<\/p>\n<p class=\"p2\">Tworzymy i pomagamy tworzy\u0107 nowe naturalne produkty wzbogacone o niezb\u0119dne w naszej diecie sk\u0142adniki.<\/p>\n<\/div>\n\t\t\t\t\t\t\t\t\t\t\t\t\t\t\t\t\t<\/div>\n\t\t\t\t\t\t\t<\/div>\n\n\t\t\t\t\t\t\t<div\n\t\t\t\t\t\t\t\tclass=\" col-10 offset-xs-2 col-lg-5 offset-lg-1  \">\n\t\t\t\t\t\t\t\t<div class=\"about-us__img\">\n\t\t\t\t\t\t\t\t\t<img decoding=\"async\" src=\"https:\/\/www.animaleen.eu\/app\/uploads\/2022\/10\/about-1-1.webp\" alt=\"\"\n\t\t\t\t\t\t\t\t\t\t srcset=\"https:\/\/www.animaleen.eu\/app\/uploads\/2022\/10\/about-1-1.webp 1x, https:\/\/www.animaleen.eu\/app\/uploads\/2022\/10\/about-1-1.webp 2x\">\n\t\t\t\t\t\t\t\t<\/div>\n\t\t\t\t\t\t\t<\/div>\n\t\t\t\t\t\t<\/div>\n\t\t\t\t\t\n\t\t\t\t\t\n\t\t\t\t\t\t\t<\/div>\n\t\t<\/div>\n\n\n\n\t\n\n<\/section><section id=\"bottom-scroll\"\n\t\t class=\"about-us  about-us--reversed  acf-block acf-block-id-block_aa77730a6c9d10d4f8698b4dd56763ec no-bgc-img acf-block--desktop-pt-100 acf-block--mobile-pt-60 \">\n\n\n\t\n\t\t<div class=\"container\">\n\t\t\t\t\t\t<div class=\"row row-flex\">\n\t\t\t\t\t\t\t\t\t\t\t\t\t\t\t<div class=\"about-us__element\">\n\t\t\t\t\t\t\t<div\n\t\t\t\t\t\t\t\tclass=\" col-12 col-lg-5  \">\n\t\t\t\t\t\t\t\t<div class=\"about-us__img\">\n\t\t\t\t\t\t\t\t\t<img decoding=\"async\" src=\"https:\/\/www.animaleen.eu\/app\/uploads\/2022\/10\/about-1.webp\" alt=\"\"\n\t\t\t\t\t\t\t\t\t\t srcset=\"https:\/\/www.animaleen.eu\/app\/uploads\/2022\/10\/about-1.webp 1x, https:\/\/www.animaleen.eu\/app\/uploads\/2022\/10\/about-1.webp 2x\">\n\t\t\t\t\t\t\t\t<\/div>\n\t\t\t\t\t\t\t<\/div>\n\n\n\t\t\t\t\t\t\t<div\n\t\t\t\t\t\t\t\tclass=\" col-12 col-lg-6 offset-lg-1  \">\n\t\t\t\t\t\t\t\t<div class=\"about-us__wrapper\">\n\t\t\t\t\t\t\t\t\t\t\t\t\t\t\t\t\t\t\t<span class=\"subtitle\">Proces produkcyjny<\/span>\n\t\t\t\t\t\t\t\t\t\t\t\t\t\t\t\t\t\t<h2 class=\"title title--28\">Unikalny proces produkcji<\/h2>\n\t\t\t\t\t\t\t\t\t<div class=\"txt\"><p class=\"p1\">Opatentowany proces produkcji umo\u017cliwia<strong> wyizolowanie najczystszej, skoncentrowanej formy kwas\u00f3w Omega 3+6+9<\/strong>, kt\u00f3re cechuj\u0105 si\u0119 ca\u0142kowitym brakiem toksyczno\u015bci oraz jakichkolwiek zanieczyszcze\u0144. Przed wprowadzeniem na rynek tej czystej formy Niezb\u0119dnych Nienasyconych Kwas\u00f3w T\u0142uszczowych, jako\u015b\u0107 i bezpiecze\u0144stwo naszej Omegi<strong> zosta\u0142o potwierdzone pozytywnym wynikiem rygorystycznych bada\u0144 toksykologicznych<\/strong> zgodnych z wytycznymi OECD.<\/p>\n<\/div>\n\t\t\t\t\t\t\t\t\t\t\t\t\t\t\t\t\t<\/div>\n\t\t\t\t\t\t\t<\/div>\n\t\t\t\t\t\t<\/div>\n\n\t\t\t\t\t\n\t\t\t\t\t\n\t\t\t\t\t\t\t\t\t\n\t\t\t\t\t\t\t\t\t\t\t<div class=\"about-us__element\">\n\t\t\t\t\t\t\t<div\n\t\t\t\t\t\t\t\tclass=\" col-12 col-lg-6 order-1 \">\n\t\t\t\t\t\t\t\t<div class=\"about-us__wrapper\">\n\t\t\t\t\t\t\t\t\t\t\t\t\t\t\t\t\t\t\t<span class=\"subtitle\">Proces produkcyjny<\/span>\n\t\t\t\t\t\t\t\t\t\t\t\t\t\t\t\t\t\t<h1><h1 class=\"title title--28\">Pe\u0142na kontrola procesu<\/h1><\/h1>\n\t\t\t\t\t\t\t\t\t<div class=\"txt\"><p>Dzi\u0119ki pe\u0142nej kontroli procesu produkcyjnego <strong>jeste\u015bmy w stanie utrzymywa\u0107 sta\u0142y sk\u0142ad oraz wysok\u0105 jako\u015b\u0107 naszych produkt\u00f3w.<\/strong> Cykl produkcyjny monitorowany jest od momentu pozyskiwania ziaren lnu a\u017c do otrzymywania gotowego wyrobu.<\/p>\n<p>Ka\u017cda partia zakupionego ziarna przed przekazaniem do wyt\u0142aczania <strong>jest szczeg\u00f3\u0142owo badana pod k\u0105tem zawarto\u015bci kwas\u00f3w Omega 3+6+9<\/strong>. Posiadamy w\u0142asne t\u0142ocznie oleju, dzi\u0119ki czemu produkcja naszej Omegi jest prowadzona tylko przy u\u017cyciu sprawdzonego i \u015bwie\u017cego oleju lnianego.<\/p>\n<p>Szereg powy\u017cszych czynnik\u00f3w <strong>pozwala nam da\u0107 gwarancj\u0119 tego, \u017ce nasz preparat jest:<\/strong><\/p>\n<ul>\n<li>Naturalny i ultra czysty<\/li>\n<li>Bez dodatk\u00f3w, konserwant\u00f3w, alergen\u00f3w<\/li>\n<li>Bez GMO oraz bez herbicyd\u00f3w.<\/li>\n<li>Bez glutenu, nabia\u0142u, cukru, sodu, soi, dro\u017cd\u017cy, s\u0142odzik\u00f3w<\/li>\n<\/ul>\n<\/div>\n\t\t\t\t\t\t\t\t\t\t\t\t\t\t\t\t\t<\/div>\n\t\t\t\t\t\t\t<\/div>\n\n\t\t\t\t\t\t\t<div\n\t\t\t\t\t\t\t\tclass=\" col-12 col-lg-5 offset-lg-1 order-2 \">\n\t\t\t\t\t\t\t\t<div class=\"about-us__img\">\n\t\t\t\t\t\t\t\t\t<img decoding=\"async\" src=\"https:\/\/www.animaleen.eu\/app\/uploads\/2022\/10\/about-3.webp\" alt=\"\"\n\t\t\t\t\t\t\t\t\t\t srcset=\"https:\/\/www.animaleen.eu\/app\/uploads\/2022\/10\/about-3.webp 1x, https:\/\/www.animaleen.eu\/app\/uploads\/2022\/10\/about-3.webp 2x\">\n\t\t\t\t\t\t\t\t<\/div>\n\t\t\t\t\t\t\t<\/div>\n\t\t\t\t\t\t<\/div>\n\t\t\t\t\t\n\t\t\t\t\t\t\t<\/div>\n\t\t<\/div>\n\n\t\n\n<\/section>","protected":false},"excerpt":{"rendered":"","protected":false},"author":1,"featured_media":0,"parent":0,"menu_order":0,"comment_status":"closed","ping_status":"closed","template":"","meta":{"_acf_changed":false,"footnotes":""},"class_list":["post-28","page","type-page","status-publish","hentry"],"acf":[],"_links":{"self":[{"href":"https:\/\/www.animaleen.eu\/pl\/wp-json\/wp\/v2\/pages\/28"}],"collection":[{"href":"https:\/\/www.animaleen.eu\/pl\/wp-json\/wp\/v2\/pages"}],"about":[{"href":"https:\/\/www.animaleen.eu\/pl\/wp-json\/wp\/v2\/types\/page"}],"author":[{"embeddable":true,"href":"https:\/\/www.animaleen.eu\/pl\/wp-json\/wp\/v2\/users\/1"}],"replies":[{"embeddable":true,"href":"https:\/\/www.animaleen.eu\/pl\/wp-json\/wp\/v2\/comments?post=28"}],"version-history":[{"count":3,"href":"https:\/\/www.animaleen.eu\/pl\/wp-json\/wp\/v2\/pages\/28\/revisions"}],"predecessor-version":[{"id":1267,"href":"https:\/\/www.animaleen.eu\/pl\/wp-json\/wp\/v2\/pages\/28\/revisions\/1267"}],"wp:attachment":[{"href":"https:\/\/www.animaleen.eu\/pl\/wp-json\/wp\/v2\/media?parent=28"}],"curies":[{"name":"wp","href":"https:\/\/api.w.org\/{rel}","templated":true}]}}