{"id":1089,"date":"2024-08-12T13:39:33","date_gmt":"2024-08-12T11:39:33","guid":{"rendered":"https:\/\/www.animaleen.eu\/?page_id=1089"},"modified":"2024-11-07T22:40:14","modified_gmt":"2024-11-07T21:40:14","slug":"animaleen-e","status":"publish","type":"page","link":"https:\/\/www.animaleen.eu\/pl\/animaleen-e\/","title":{"rendered":"AnimaLeen\u00ae E"},"content":{"rendered":"<section id=\"\" class=\"headline-link acf-block acf-block-id-block_f4216ab738d8940365b99d5497cb9223 no-bgc-img link-arrow-right no-line acf-block--desktop-pb-90 acf-block--mobile-pb-90\">\n\n\t<div class=\"container bgc-container\">\n\t\t<div class=\"row\">\n\t\t\t<div class=\"col-12 col-flex\">\n\t\t\t\t<div class=\"headline-link__wrapper\">\n\t\t\t\t\t<span class=\"subtitle\">Wyr\u00f3\u017cnij si\u0119 na swoim rynku<\/span>\n\t\t\t\t\t<h1 class=\"title\">Dodaj AnimaLeen\u00ae Omega 3, aby zyska\u0107 przewag\u0119 nad konkurencj\u0105!<\/h1>\n\n\t\t\t\t\t\t\t\t\t\t\t<a href=\"https:\/\/www.animaleen.eu\/pl\/kontakt\/\"\n\t\t\t\t\t\t   class=\"btn btn--xl btn--gold btn--arrow-down\">Porozmawiajmy!<\/a>\n\t\t\t\t\t\t\t\t\t<\/div>\n\t\t\t<\/div>\n\t\t<\/div>\n\t<\/div>\n\n<\/section>","protected":false},"excerpt":{"rendered":"","protected":false},"author":1,"featured_media":0,"parent":0,"menu_order":0,"comment_status":"closed","ping_status":"closed","template":"pages\/minerals.php","meta":{"_acf_changed":false,"footnotes":""},"class_list":["post-1089","page","type-page","status-publish","hentry"],"acf":[],"_links":{"self":[{"href":"https:\/\/www.animaleen.eu\/pl\/wp-json\/wp\/v2\/pages\/1089"}],"collection":[{"href":"https:\/\/www.animaleen.eu\/pl\/wp-json\/wp\/v2\/pages"}],"about":[{"href":"https:\/\/www.animaleen.eu\/pl\/wp-json\/wp\/v2\/types\/page"}],"author":[{"embeddable":true,"href":"https:\/\/www.animaleen.eu\/pl\/wp-json\/wp\/v2\/users\/1"}],"replies":[{"embeddable":true,"href":"https:\/\/www.animaleen.eu\/pl\/wp-json\/wp\/v2\/comments?post=1089"}],"version-history":[{"count":3,"href":"https:\/\/www.animaleen.eu\/pl\/wp-json\/wp\/v2\/pages\/1089\/revisions"}],"predecessor-version":[{"id":1712,"href":"https:\/\/www.animaleen.eu\/pl\/wp-json\/wp\/v2\/pages\/1089\/revisions\/1712"}],"wp:attachment":[{"href":"https:\/\/www.animaleen.eu\/pl\/wp-json\/wp\/v2\/media?parent=1089"}],"curies":[{"name":"wp","href":"https:\/\/api.w.org\/{rel}","templated":true}]}}